{"id":1303,"date":"2024-11-22T09:17:52","date_gmt":"2024-11-22T16:17:52","guid":{"rendered":"https:\/\/www.njnylawyers.com\/?page_id=1303"},"modified":"2024-11-22T09:20:19","modified_gmt":"2024-11-22T16:20:19","slug":"hazel-rivas","status":"publish","type":"page","link":"https:\/\/www.njnylawyers.com\/es\/about\/hazel-rivas\/","title":{"rendered":"Hazel Rivas"},"content":{"rendered":"<p>Hazel naci\u00f3 y creci\u00f3 en el barrio de Williamsburg, en Brooklyn, Nueva York. Se licenci\u00f3 en estudios jur\u00eddicos en el John Jay College. Ha sido asistente jur\u00eddica durante casi veinte a\u00f1os.<\/p>\n\n\n\n<p>Su parte favorita de trabajar en lesiones personales es conectar con la gente y formar relaciones mientras les ayuda en el camino. Hazel es biling\u00fce, aprendiendo espa\u00f1ol de su querida abuela.<\/p>\n\n\n\n<p>Ahora reside en Jersey City con su marido y su hijo. En su tiempo libre, le gusta pasar tiempo con la familia, ir a restaurantes nuevos y ver pel\u00edculas.&nbsp;<\/p>","protected":false},"excerpt":{"rendered":"<p>Hazel naci\u00f3 y creci\u00f3 en el barrio de Williamsburg, en Brooklyn, Nueva York. Se licenci\u00f3 en estudios jur\u00eddicos en el John Jay College. Ha sido asistente legal durante casi veinte a\u00f1os. Su parte favorita de trabajar en lesiones personales es conectar con la gente y formar relaciones mientras les ayuda en el camino. Hazel es biling\u00fce, aprendiendo espa\u00f1ol de su querida abuela. Ahora reside en Jersey City con su marido y su hijo. En su tiempo libre, le gusta pasar tiempo con la familia, salir a nuevos restaurantes, y ver pel\u00edculas.&nbsp;<\/p>","protected":false},"author":2,"featured_media":0,"parent":61,"menu_order":0,"comment_status":"closed","ping_status":"closed","template":"templates\/page-attorney-ind.php","meta":{"_acf_changed":true,"_ai_research_index":"1","footnotes":""},"class_list":["post-1303","page","type-page","status-publish","hentry"],"acf":[],"yoast_head":"<!-- This site is optimized with the Yoast SEO plugin v27.4 - https:\/\/yoast.com\/product\/yoast-seo-wordpress\/ -->\n<title>Hazel Rivas - Glugeth &amp; Pierguidi, P.C.<\/title>\n<meta name=\"robots\" content=\"index, follow, max-snippet:-1, max-image-preview:large, max-video-preview:-1\" \/>\n<link rel=\"canonical\" href=\"https:\/\/www.njnylawyers.com\/es\/about\/hazel-rivas\/\" \/>\n<meta property=\"og:locale\" content=\"es_MX\" \/>\n<meta property=\"og:type\" content=\"article\" \/>\n<meta property=\"og:title\" content=\"Hazel Rivas - Glugeth &amp; Pierguidi, P.C.\" \/>\n<meta property=\"og:description\" content=\"Hazel was born and raised in the Williamsburg neighborhood of Brooklyn, New York. She graduated from John Jay College with a bachelor\u2019s degree in legal studies. She has been a paralegal for almost twenty years. Her favorite part of working in personal injury is connecting with people and forming relationships while helping them along the way. Hazel is bilingual, learning Spanish from her beloved grandmother. She now resides in Jersey City with her husband and son. In her free time, she enjoys spending time with family, going out to new restaurants, and watching movies.&nbsp;\" \/>\n<meta property=\"og:url\" content=\"https:\/\/www.njnylawyers.com\/es\/about\/hazel-rivas\/\" \/>\n<meta property=\"og:site_name\" content=\"Glugeth &amp; Pierguidi, P.C.\" \/>\n<meta property=\"article:modified_time\" content=\"2024-11-22T16:20:19+00:00\" \/>\n<meta name=\"twitter:card\" content=\"summary_large_image\" \/>\n<meta name=\"twitter:label1\" content=\"Est. reading time\" \/>\n\t<meta name=\"twitter:data1\" content=\"1 minuto\" \/>\n<script type=\"application\/ld+json\" class=\"yoast-schema-graph\">{\"@context\":\"https:\\\/\\\/schema.org\",\"@graph\":[{\"@type\":\"WebPage\",\"@id\":\"https:\\\/\\\/www.njnylawyers.com\\\/about\\\/hazel-rivas\\\/\",\"url\":\"https:\\\/\\\/www.njnylawyers.com\\\/about\\\/hazel-rivas\\\/\",\"name\":\"Hazel Rivas - Glugeth &amp; Pierguidi, P.C.\",\"isPartOf\":{\"@id\":\"https:\\\/\\\/www.njnylawyers.com\\\/#website\"},\"datePublished\":\"2024-11-22T16:17:52+00:00\",\"dateModified\":\"2024-11-22T16:20:19+00:00\",\"breadcrumb\":{\"@id\":\"https:\\\/\\\/www.njnylawyers.com\\\/about\\\/hazel-rivas\\\/#breadcrumb\"},\"inLanguage\":\"es\",\"potentialAction\":[{\"@type\":\"ReadAction\",\"target\":[\"https:\\\/\\\/www.njnylawyers.com\\\/about\\\/hazel-rivas\\\/\"]}]},{\"@type\":\"BreadcrumbList\",\"@id\":\"https:\\\/\\\/www.njnylawyers.com\\\/about\\\/hazel-rivas\\\/#breadcrumb\",\"itemListElement\":[{\"@type\":\"ListItem\",\"position\":1,\"name\":\"Home\",\"item\":\"https:\\\/\\\/www.njnylawyers.com\\\/\"},{\"@type\":\"ListItem\",\"position\":2,\"name\":\"About\",\"item\":\"https:\\\/\\\/www.njnylawyers.com\\\/about\\\/\"},{\"@type\":\"ListItem\",\"position\":3,\"name\":\"Hazel Rivas\"}]},{\"@type\":\"WebSite\",\"@id\":\"https:\\\/\\\/www.njnylawyers.com\\\/#website\",\"url\":\"https:\\\/\\\/www.njnylawyers.com\\\/\",\"name\":\"Glugeth & Pierguidi, P.C.\",\"description\":\"\",\"publisher\":{\"@id\":\"https:\\\/\\\/www.njnylawyers.com\\\/#organization\"},\"potentialAction\":[{\"@type\":\"SearchAction\",\"target\":{\"@type\":\"EntryPoint\",\"urlTemplate\":\"https:\\\/\\\/www.njnylawyers.com\\\/?s={search_term_string}\"},\"query-input\":{\"@type\":\"PropertyValueSpecification\",\"valueRequired\":true,\"valueName\":\"search_term_string\"}}],\"inLanguage\":\"es\"},{\"@type\":\"Organization\",\"@id\":\"https:\\\/\\\/www.njnylawyers.com\\\/#organization\",\"name\":\"Glugeth & Pierguidi, P.C.\",\"url\":\"https:\\\/\\\/www.njnylawyers.com\\\/\",\"logo\":{\"@type\":\"ImageObject\",\"inLanguage\":\"es\",\"@id\":\"https:\\\/\\\/www.njnylawyers.com\\\/#\\\/schema\\\/logo\\\/image\\\/\",\"url\":\"https:\\\/\\\/njnylawyers.wpengine.com\\\/wp-content\\\/uploads\\\/2022\\\/11\\\/img_header_logo.png\",\"contentUrl\":\"https:\\\/\\\/njnylawyers.wpengine.com\\\/wp-content\\\/uploads\\\/2022\\\/11\\\/img_header_logo.png\",\"width\":426,\"height\":107,\"caption\":\"Glugeth & Pierguidi, P.C.\"},\"image\":{\"@id\":\"https:\\\/\\\/www.njnylawyers.com\\\/#\\\/schema\\\/logo\\\/image\\\/\"}}]}<\/script>\n<!-- \/ Yoast SEO plugin. -->","yoast_head_json":{"title":"Hazel Rivas - Glugeth &amp; Pierguidi, P.C.","robots":{"index":"index","follow":"follow","max-snippet":"max-snippet:-1","max-image-preview":"max-image-preview:large","max-video-preview":"max-video-preview:-1"},"canonical":"https:\/\/www.njnylawyers.com\/es\/about\/hazel-rivas\/","og_locale":"es_MX","og_type":"article","og_title":"Hazel Rivas - Glugeth &amp; Pierguidi, P.C.","og_description":"Hazel was born and raised in the Williamsburg neighborhood of Brooklyn, New York. She graduated from John Jay College with a bachelor\u2019s degree in legal studies. She has been a paralegal for almost twenty years. Her favorite part of working in personal injury is connecting with people and forming relationships while helping them along the way. Hazel is bilingual, learning Spanish from her beloved grandmother. She now resides in Jersey City with her husband and son. In her free time, she enjoys spending time with family, going out to new restaurants, and watching movies.&nbsp;","og_url":"https:\/\/www.njnylawyers.com\/es\/about\/hazel-rivas\/","og_site_name":"Glugeth &amp; Pierguidi, P.C.","article_modified_time":"2024-11-22T16:20:19+00:00","twitter_card":"summary_large_image","twitter_misc":{"Est. reading time":"1 minuto"},"schema":{"@context":"https:\/\/schema.org","@graph":[{"@type":"WebPage","@id":"https:\/\/www.njnylawyers.com\/about\/hazel-rivas\/","url":"https:\/\/www.njnylawyers.com\/about\/hazel-rivas\/","name":"Hazel Rivas - Glugeth &amp; Pierguidi, P.C.","isPartOf":{"@id":"https:\/\/www.njnylawyers.com\/#website"},"datePublished":"2024-11-22T16:17:52+00:00","dateModified":"2024-11-22T16:20:19+00:00","breadcrumb":{"@id":"https:\/\/www.njnylawyers.com\/about\/hazel-rivas\/#breadcrumb"},"inLanguage":"es","potentialAction":[{"@type":"ReadAction","target":["https:\/\/www.njnylawyers.com\/about\/hazel-rivas\/"]}]},{"@type":"BreadcrumbList","@id":"https:\/\/www.njnylawyers.com\/about\/hazel-rivas\/#breadcrumb","itemListElement":[{"@type":"ListItem","position":1,"name":"Home","item":"https:\/\/www.njnylawyers.com\/"},{"@type":"ListItem","position":2,"name":"About","item":"https:\/\/www.njnylawyers.com\/about\/"},{"@type":"ListItem","position":3,"name":"Hazel Rivas"}]},{"@type":"WebSite","@id":"https:\/\/www.njnylawyers.com\/#website","url":"https:\/\/www.njnylawyers.com\/","name":"Glugeth &amp; Pierguidi, P.C.","description":"","publisher":{"@id":"https:\/\/www.njnylawyers.com\/#organization"},"potentialAction":[{"@type":"SearchAction","target":{"@type":"EntryPoint","urlTemplate":"https:\/\/www.njnylawyers.com\/?s={search_term_string}"},"query-input":{"@type":"PropertyValueSpecification","valueRequired":true,"valueName":"search_term_string"}}],"inLanguage":"es"},{"@type":"Organization","@id":"https:\/\/www.njnylawyers.com\/#organization","name":"Glugeth &amp; Pierguidi, P.C.","url":"https:\/\/www.njnylawyers.com\/","logo":{"@type":"ImageObject","inLanguage":"es","@id":"https:\/\/www.njnylawyers.com\/#\/schema\/logo\/image\/","url":"https:\/\/njnylawyers.wpengine.com\/wp-content\/uploads\/2022\/11\/img_header_logo.png","contentUrl":"https:\/\/njnylawyers.wpengine.com\/wp-content\/uploads\/2022\/11\/img_header_logo.png","width":426,"height":107,"caption":"Glugeth & Pierguidi, P.C."},"image":{"@id":"https:\/\/www.njnylawyers.com\/#\/schema\/logo\/image\/"}}]}},"_links":{"self":[{"href":"https:\/\/www.njnylawyers.com\/es\/wp-json\/wp\/v2\/pages\/1303","targetHints":{"allow":["GET"]}}],"collection":[{"href":"https:\/\/www.njnylawyers.com\/es\/wp-json\/wp\/v2\/pages"}],"about":[{"href":"https:\/\/www.njnylawyers.com\/es\/wp-json\/wp\/v2\/types\/page"}],"author":[{"embeddable":true,"href":"https:\/\/www.njnylawyers.com\/es\/wp-json\/wp\/v2\/users\/2"}],"replies":[{"embeddable":true,"href":"https:\/\/www.njnylawyers.com\/es\/wp-json\/wp\/v2\/comments?post=1303"}],"version-history":[{"count":0,"href":"https:\/\/www.njnylawyers.com\/es\/wp-json\/wp\/v2\/pages\/1303\/revisions"}],"up":[{"embeddable":true,"href":"https:\/\/www.njnylawyers.com\/es\/wp-json\/wp\/v2\/pages\/61"}],"wp:attachment":[{"href":"https:\/\/www.njnylawyers.com\/es\/wp-json\/wp\/v2\/media?parent=1303"}],"curies":[{"name":"wp","href":"https:\/\/api.w.org\/{rel}","templated":true}]}}