{"id":1305,"date":"2024-11-22T09:21:56","date_gmt":"2024-11-22T16:21:56","guid":{"rendered":"https:\/\/www.njnylawyers.com\/?page_id=1305"},"modified":"2026-03-04T11:18:55","modified_gmt":"2026-03-04T18:18:55","slug":"erin-farley","status":"publish","type":"page","link":"https:\/\/www.njnylawyers.com\/es\/about\/erin-farley\/","title":{"rendered":"Erin Farley"},"content":{"rendered":"<p>Erin M. Farley es abogada asociada en Glugeth &amp; Pierguidi, PC y est\u00e1 habilitada para ejercer en Nueva York y Nueva Jersey. Erin comenz\u00f3 a trabajar en Glugeth &amp; Pierguidi en 2022 como asistente jur\u00eddica mientras cursaba sus estudios en la Facultad de Derecho de Rutgers.<\/p>\n\n\n\n<p>Mientras cursaba sus estudios de Juris Doctor, fue editora de investigaci\u00f3n y tecnolog\u00eda del Women's Rights Law Reporter y trabaj\u00f3 como voluntaria en el Courtroom Advocates Project defendiendo a las v\u00edctimas de la violencia dom\u00e9stica.  Es miembro activo de la Asociaci\u00f3n Americana para la Justicia, la Asociaci\u00f3n de Nueva Jersey para la Justicia y el Colegio de Abogados del Condado de Hudson.&nbsp;<\/p>\n\n\n\n<h3 class=\"wp-block-heading\"><strong>Educaci\u00f3n<\/strong><\/h3>\n\n\n\n<p><strong>Facultad de Derecho de Rutgers,&nbsp;<\/strong>Newark, Nueva Jersey (2024)<\/p>\n\n\n\n<p><strong>Universidad de Rutgers<\/strong>, New Brunswick, Nueva Jersey (2014)<\/p>\n\n\n\n<ul class=\"wp-block-list\">\n<li>Licenciatura en Humanidades: Ingl\u00e9s y Ciencias Pol\u00edticas &nbsp;<\/li>\n<\/ul>\n\n\n\n<h3 class=\"wp-block-heading\"><strong>Acceso a la abogac\u00eda<\/strong><\/h3>\n\n\n\n<ul class=\"wp-block-list\">\n<li>Nueva Jersey<\/li>\n<\/ul>","protected":false},"excerpt":{"rendered":"<p>Erin M. Farley is an Associate Attorney at Glugeth &amp; Pierguidi, PC and is licensed to practice in New York and New Jersey. \u00a0Erin began working at Glugeth &amp; Pierguidi in 2022 as a law clerk while attending Rutgers Law School. While pursuing her Juris Doctor, she was the Research and Technology Editor of the Women\u2019s Rights Law Reporter and volunteered her time with the Courtroom Advocates Project advocating for victims of domestic violence. &nbsp;She is an active member of the American Association for Justice, New Jersey Association for Justice, and Hudson County Bar Association.&nbsp; Education Rutgers Law School,&nbsp;Newark, New Jersey (2024) Rutgers University, New Brunswick, New Jersey (2014) Bar Admissions<\/p>","protected":false},"author":2,"featured_media":0,"parent":61,"menu_order":0,"comment_status":"closed","ping_status":"closed","template":"templates\/page-attorney-ind.php","meta":{"_acf_changed":true,"_ai_research_index":"1","footnotes":""},"class_list":["post-1305","page","type-page","status-publish","hentry"],"acf":[],"yoast_head":"<!-- This site is optimized with the Yoast SEO plugin v27.3 - https:\/\/yoast.com\/product\/yoast-seo-wordpress\/ -->\n<title>Erin Farley - Glugeth &amp; Pierguidi, P.C.<\/title>\n<meta name=\"robots\" content=\"index, follow, max-snippet:-1, max-image-preview:large, max-video-preview:-1\" \/>\n<link rel=\"canonical\" href=\"https:\/\/www.njnylawyers.com\/es\/about\/erin-farley\/\" \/>\n<meta property=\"og:locale\" content=\"es_MX\" \/>\n<meta property=\"og:type\" content=\"article\" \/>\n<meta property=\"og:title\" content=\"Erin Farley - Glugeth &amp; Pierguidi, P.C.\" \/>\n<meta property=\"og:description\" content=\"Erin M. Farley is an Associate Attorney at Glugeth &amp; Pierguidi, PC and is licensed to practice in New York and New Jersey. \u00a0Erin began working at Glugeth &amp; Pierguidi in 2022 as a law clerk while attending Rutgers Law School. While pursuing her Juris Doctor, she was the Research and Technology Editor of the Women\u2019s Rights Law Reporter and volunteered her time with the Courtroom Advocates Project advocating for victims of domestic violence. &nbsp;She is an active member of the American Association for Justice, New Jersey Association for Justice, and Hudson County Bar Association.&nbsp; Education Rutgers Law School,&nbsp;Newark, New Jersey (2024) Rutgers University, New Brunswick, New Jersey (2014) Bar Admissions\" \/>\n<meta property=\"og:url\" content=\"https:\/\/www.njnylawyers.com\/es\/about\/erin-farley\/\" \/>\n<meta property=\"og:site_name\" content=\"Glugeth &amp; Pierguidi, P.C.\" \/>\n<meta property=\"article:modified_time\" content=\"2026-03-04T18:18:55+00:00\" \/>\n<meta name=\"twitter:card\" content=\"summary_large_image\" \/>\n<meta name=\"twitter:label1\" content=\"Est. reading time\" \/>\n\t<meta name=\"twitter:data1\" content=\"1 minuto\" \/>\n<script type=\"application\/ld+json\" class=\"yoast-schema-graph\">{\"@context\":\"https:\\\/\\\/schema.org\",\"@graph\":[{\"@type\":\"WebPage\",\"@id\":\"https:\\\/\\\/www.njnylawyers.com\\\/about\\\/erin-farley\\\/\",\"url\":\"https:\\\/\\\/www.njnylawyers.com\\\/about\\\/erin-farley\\\/\",\"name\":\"Erin Farley - Glugeth &amp; Pierguidi, P.C.\",\"isPartOf\":{\"@id\":\"https:\\\/\\\/www.njnylawyers.com\\\/#website\"},\"datePublished\":\"2024-11-22T16:21:56+00:00\",\"dateModified\":\"2026-03-04T18:18:55+00:00\",\"breadcrumb\":{\"@id\":\"https:\\\/\\\/www.njnylawyers.com\\\/about\\\/erin-farley\\\/#breadcrumb\"},\"inLanguage\":\"es\",\"potentialAction\":[{\"@type\":\"ReadAction\",\"target\":[\"https:\\\/\\\/www.njnylawyers.com\\\/about\\\/erin-farley\\\/\"]}]},{\"@type\":\"BreadcrumbList\",\"@id\":\"https:\\\/\\\/www.njnylawyers.com\\\/about\\\/erin-farley\\\/#breadcrumb\",\"itemListElement\":[{\"@type\":\"ListItem\",\"position\":1,\"name\":\"Home\",\"item\":\"https:\\\/\\\/www.njnylawyers.com\\\/\"},{\"@type\":\"ListItem\",\"position\":2,\"name\":\"About\",\"item\":\"https:\\\/\\\/www.njnylawyers.com\\\/about\\\/\"},{\"@type\":\"ListItem\",\"position\":3,\"name\":\"Erin Farley\"}]},{\"@type\":\"WebSite\",\"@id\":\"https:\\\/\\\/www.njnylawyers.com\\\/#website\",\"url\":\"https:\\\/\\\/www.njnylawyers.com\\\/\",\"name\":\"Glugeth & Pierguidi, P.C.\",\"description\":\"\",\"publisher\":{\"@id\":\"https:\\\/\\\/www.njnylawyers.com\\\/#organization\"},\"potentialAction\":[{\"@type\":\"SearchAction\",\"target\":{\"@type\":\"EntryPoint\",\"urlTemplate\":\"https:\\\/\\\/www.njnylawyers.com\\\/?s={search_term_string}\"},\"query-input\":{\"@type\":\"PropertyValueSpecification\",\"valueRequired\":true,\"valueName\":\"search_term_string\"}}],\"inLanguage\":\"es\"},{\"@type\":\"Organization\",\"@id\":\"https:\\\/\\\/www.njnylawyers.com\\\/#organization\",\"name\":\"Glugeth & Pierguidi, P.C.\",\"url\":\"https:\\\/\\\/www.njnylawyers.com\\\/\",\"logo\":{\"@type\":\"ImageObject\",\"inLanguage\":\"es\",\"@id\":\"https:\\\/\\\/www.njnylawyers.com\\\/#\\\/schema\\\/logo\\\/image\\\/\",\"url\":\"https:\\\/\\\/njnylawyers.wpengine.com\\\/wp-content\\\/uploads\\\/2022\\\/11\\\/img_header_logo.png\",\"contentUrl\":\"https:\\\/\\\/njnylawyers.wpengine.com\\\/wp-content\\\/uploads\\\/2022\\\/11\\\/img_header_logo.png\",\"width\":426,\"height\":107,\"caption\":\"Glugeth & Pierguidi, P.C.\"},\"image\":{\"@id\":\"https:\\\/\\\/www.njnylawyers.com\\\/#\\\/schema\\\/logo\\\/image\\\/\"}}]}<\/script>\n<!-- \/ Yoast SEO plugin. -->","yoast_head_json":{"title":"Erin Farley - Glugeth &amp; Pierguidi, P.C.","robots":{"index":"index","follow":"follow","max-snippet":"max-snippet:-1","max-image-preview":"max-image-preview:large","max-video-preview":"max-video-preview:-1"},"canonical":"https:\/\/www.njnylawyers.com\/es\/about\/erin-farley\/","og_locale":"es_MX","og_type":"article","og_title":"Erin Farley - Glugeth &amp; Pierguidi, P.C.","og_description":"Erin M. Farley is an Associate Attorney at Glugeth &amp; Pierguidi, PC and is licensed to practice in New York and New Jersey. \u00a0Erin began working at Glugeth &amp; Pierguidi in 2022 as a law clerk while attending Rutgers Law School. While pursuing her Juris Doctor, she was the Research and Technology Editor of the Women\u2019s Rights Law Reporter and volunteered her time with the Courtroom Advocates Project advocating for victims of domestic violence. &nbsp;She is an active member of the American Association for Justice, New Jersey Association for Justice, and Hudson County Bar Association.&nbsp; Education Rutgers Law School,&nbsp;Newark, New Jersey (2024) Rutgers University, New Brunswick, New Jersey (2014) Bar Admissions","og_url":"https:\/\/www.njnylawyers.com\/es\/about\/erin-farley\/","og_site_name":"Glugeth &amp; Pierguidi, P.C.","article_modified_time":"2026-03-04T18:18:55+00:00","twitter_card":"summary_large_image","twitter_misc":{"Est. reading time":"1 minuto"},"schema":{"@context":"https:\/\/schema.org","@graph":[{"@type":"WebPage","@id":"https:\/\/www.njnylawyers.com\/about\/erin-farley\/","url":"https:\/\/www.njnylawyers.com\/about\/erin-farley\/","name":"Erin Farley - Glugeth &amp; Pierguidi, P.C.","isPartOf":{"@id":"https:\/\/www.njnylawyers.com\/#website"},"datePublished":"2024-11-22T16:21:56+00:00","dateModified":"2026-03-04T18:18:55+00:00","breadcrumb":{"@id":"https:\/\/www.njnylawyers.com\/about\/erin-farley\/#breadcrumb"},"inLanguage":"es","potentialAction":[{"@type":"ReadAction","target":["https:\/\/www.njnylawyers.com\/about\/erin-farley\/"]}]},{"@type":"BreadcrumbList","@id":"https:\/\/www.njnylawyers.com\/about\/erin-farley\/#breadcrumb","itemListElement":[{"@type":"ListItem","position":1,"name":"Home","item":"https:\/\/www.njnylawyers.com\/"},{"@type":"ListItem","position":2,"name":"About","item":"https:\/\/www.njnylawyers.com\/about\/"},{"@type":"ListItem","position":3,"name":"Erin Farley"}]},{"@type":"WebSite","@id":"https:\/\/www.njnylawyers.com\/#website","url":"https:\/\/www.njnylawyers.com\/","name":"Glugeth &amp; Pierguidi, P.C.","description":"","publisher":{"@id":"https:\/\/www.njnylawyers.com\/#organization"},"potentialAction":[{"@type":"SearchAction","target":{"@type":"EntryPoint","urlTemplate":"https:\/\/www.njnylawyers.com\/?s={search_term_string}"},"query-input":{"@type":"PropertyValueSpecification","valueRequired":true,"valueName":"search_term_string"}}],"inLanguage":"es"},{"@type":"Organization","@id":"https:\/\/www.njnylawyers.com\/#organization","name":"Glugeth &amp; Pierguidi, P.C.","url":"https:\/\/www.njnylawyers.com\/","logo":{"@type":"ImageObject","inLanguage":"es","@id":"https:\/\/www.njnylawyers.com\/#\/schema\/logo\/image\/","url":"https:\/\/njnylawyers.wpengine.com\/wp-content\/uploads\/2022\/11\/img_header_logo.png","contentUrl":"https:\/\/njnylawyers.wpengine.com\/wp-content\/uploads\/2022\/11\/img_header_logo.png","width":426,"height":107,"caption":"Glugeth & Pierguidi, P.C."},"image":{"@id":"https:\/\/www.njnylawyers.com\/#\/schema\/logo\/image\/"}}]}},"_links":{"self":[{"href":"https:\/\/www.njnylawyers.com\/es\/wp-json\/wp\/v2\/pages\/1305","targetHints":{"allow":["GET"]}}],"collection":[{"href":"https:\/\/www.njnylawyers.com\/es\/wp-json\/wp\/v2\/pages"}],"about":[{"href":"https:\/\/www.njnylawyers.com\/es\/wp-json\/wp\/v2\/types\/page"}],"author":[{"embeddable":true,"href":"https:\/\/www.njnylawyers.com\/es\/wp-json\/wp\/v2\/users\/2"}],"replies":[{"embeddable":true,"href":"https:\/\/www.njnylawyers.com\/es\/wp-json\/wp\/v2\/comments?post=1305"}],"version-history":[{"count":0,"href":"https:\/\/www.njnylawyers.com\/es\/wp-json\/wp\/v2\/pages\/1305\/revisions"}],"up":[{"embeddable":true,"href":"https:\/\/www.njnylawyers.com\/es\/wp-json\/wp\/v2\/pages\/61"}],"wp:attachment":[{"href":"https:\/\/www.njnylawyers.com\/es\/wp-json\/wp\/v2\/media?parent=1305"}],"curies":[{"name":"wp","href":"https:\/\/api.w.org\/{rel}","templated":true}]}}