{"id":1407,"date":"2025-04-03T08:04:42","date_gmt":"2025-04-03T15:04:42","guid":{"rendered":"https:\/\/www.njnylawyers.com\/?page_id=1407"},"modified":"2025-04-03T08:04:43","modified_gmt":"2025-04-03T15:04:43","slug":"bicycle-accident","status":"publish","type":"page","link":"https:\/\/www.njnylawyers.com\/es\/passaic-personal-injury-lawyers\/bicycle-accident\/","title":{"rendered":"Abogados de accidentes de bicicleta Passaic"},"content":{"rendered":"<p><a href=\"https:\/\/www.njnylawyers.com\/es\/passaic-personal-injury-lawyers\/\">Passaic<\/a> es una ciudad vibrante donde andar en bicicleta no es solo un medio de transporte, sino tambi\u00e9n una forma popular de mantenerse activo y disfrutar del aire libre. Ya sea que vayas en bicicleta al trabajo, des un paseo panor\u00e1mico o simplemente salgas a hacer ejercicio, mereces sentirte seguro en la carretera. Desafortunadamente, los accidentes de bicicleta son una ocurrencia demasiado com\u00fan, dejando a los ciclistas con lesiones graves y gastos m\u00e9dicos inesperados. Si t\u00fa o un ser querido ha estado involucrado en un accidente de bicicleta, necesitas un abogado experimentado en accidentes de bicicleta de Passaic para proteger tus derechos. En Glugeth &amp; Pierguidi, P.C., nuestro equipo dedicado est\u00e1 comprometido a ayudar a los ciclistas lesionados a recuperar la compensaci\u00f3n que merecen.<\/p>\n\n\n\n<h2 class=\"wp-block-heading\">La creciente preocupaci\u00f3n por los accidentes de bicicleta en Nueva Jersey<\/h2>\n\n\n\n<p>Andar en bicicleta es una actividad popular en Passaic, y muchos residentes utilizan bicicletas para desplazarse al trabajo, hacer ejercicio y recrearse. Sin embargo, con el aumento en el ciclismo, tambi\u00e9n ha habido un incremento en los accidentes. En 2021, <a href=\"https:\/\/www.nj.gov\/njsp\/info\/fatalacc\/2021-stats.shtml\" target=\"_blank\" rel=\"noreferrer noopener\">23 ciclistas<\/a> perdieron la vida en accidentes de tr\u00e1nsito en todo el estado, y muchos m\u00e1s sufrieron lesiones graves. Las \u00e1reas urbanas como Passaic presentan un mayor riesgo debido al tr\u00e1fico intenso, conductores distra\u00eddos y carriles para bicicletas inadecuados. Los ciclistas deber\u00edan poder disfrutar de la ciudad sin temor a conductores imprudentes o condiciones peligrosas en las carreteras, pero la realidad es que los accidentes ocurren con demasiada frecuencia.<\/p>\n\n\n\n<h2 class=\"wp-block-heading\">Causas comunes de los accidentes de bicicleta<\/h2>\n\n\n\n<p>Aunque andar en bicicleta es una excelente forma de moverse, tambi\u00e9n conlleva riesgos. Algunas de las causas m\u00e1s comunes de accidentes de bicicleta incluyen:<\/p>\n\n\n\n<ul class=\"wp-block-list\">\n<li><strong>Conducci\u00f3n distra\u00edda. <\/strong>Los conductores que mandan mensajes de texto, hablan por tel\u00e9fono o usan los sistemas de entretenimiento del auto pueden no ver a los ciclistas.<\/li>\n\n\n\n<li><strong>No ceder el paso.<\/strong> Muchos accidentes ocurren en las intersecciones cuando los automovilistas no ceden el paso a los ciclistas.<\/li>\n\n\n\n<li><strong>Accidentes por apertura de puertas.<\/strong> Un ciclista puede sufrir lesiones graves cuando un conductor o pasajero abre repentinamente una puerta de autom\u00f3vil en su camino.<\/li>\n\n\n\n<li><strong>Malas condiciones de la carretera.<\/strong> Los baches, el pavimento irregular y los escombros pueden hacer que andar en bicicleta sea peligroso.<\/li>\n\n\n\n<li><strong>Exceso de velocidad y conducci\u00f3n imprudente.<\/strong> El exceso de velocidad reduce el tiempo de reacci\u00f3n, lo que dificulta que los conductores eviten chocar contra ciclistas.<\/li>\n<\/ul>\n\n\n\n<p>Un abogado de accidentes de bicicleta de Passaic puede ayudarle a buscar justicia y compensaci\u00f3n si sufri\u00f3 una lesi\u00f3n debido a la negligencia de un conductor.<\/p>\n\n\n\n<h2 class=\"wp-block-heading\">Conocimiento de las leyes de ciclismo de Nueva Jersey y la responsabilidad<\/h2>\n\n\n\n<p>La ley de Nueva Jersey trata a los ciclistas como iguales a los conductores de veh\u00edculos motorizados, lo que significa que deben cumplir las mismas leyes de tr\u00e1nsito. Sin embargo, tambi\u00e9n se benefician de protecciones legales espec\u00edficas.<\/p>\n\n\n\n<p>Llave <a href=\"https:\/\/www.nj.gov\/transportation\/commuter\/bike\/regulations.shtm\" target=\"_blank\" rel=\"noreferrer noopener\">Leyes de bicicletas de Nueva Jersey<\/a> incluyen:<\/p>\n\n\n\n<ul class=\"wp-block-list\">\n<li><strong>Requisitos de casco.<\/strong> Los ciclistas menores de 17 a\u00f1os deben usar un casco debidamente ajustado, mientras que se recomienda encarecidamente a los ciclistas adultos que usen uno por seguridad.<\/li>\n\n\n\n<li><strong>Ley de adelantamiento seguro.<\/strong> Los conductores deben mantener una distancia m\u00ednima de cuatro pies al adelantar a un ciclista y pasar con la debida precauci\u00f3n.<\/li>\n\n\n\n<li><strong>Cumplimiento de las leyes de tr\u00e1nsito.<\/strong> Los ciclistas deben obedecer todas las se\u00f1ales de tr\u00e1nsito, se\u00f1ales de alto y marcas de carril.<\/li>\n\n\n\n<li><strong>Requisitos de visibilidad.<\/strong> Las bicicletas deben tener una luz delantera blanca y un reflector trasero rojo para ser visibles en condiciones de poca luz.<\/li>\n\n\n\n<li><strong>Posici\u00f3n de conducci\u00f3n.<\/strong> Los ciclistas deben circular lo m\u00e1s a la derecha posible, excepto al girar o al evitar peligros.<\/li>\n<\/ul>\n\n\n\n<p>Cuando los conductores ignoran estas reglas, ponen en peligro a los ciclistas. Un abogado de accidentes de bicicleta de Passaic puede ayudar a determinar c\u00f3mo estas leyes afectan su caso y construir un reclamo s\u00f3lido para obtener una compensaci\u00f3n, incluso si usted tuvo la culpa parcial.<\/p>\n\n\n\n<h2 class=\"wp-block-heading\">Entendiendo la Negligencia Comparativa en Accidentes de Bicicleta<\/h2>\n\n\n\n<p>Incluso si un ciclista comete un error, esto no significa necesariamente que pierda su derecho a buscar una indemnizaci\u00f3n. Nueva Jersey sigue un <a href=\"https:\/\/casetext.com\/statute\/new-jersey-statutes\/title-2a-administration-of-civil-and-criminal-justice\/chapter-2a15-actions-in-person-or-by-attorney\/section-2a15-52-findings-of-fact-percentage-of-fault-terms-defined\" target=\"_blank\" rel=\"noreferrer noopener\">negligencia comparativa modificada<\/a> sistema. Si se determina que un ciclista no es m\u00e1s del 50% responsable de un accidente, su indemnizaci\u00f3n puede reducirse. Esto es cr\u00edtico en casos de accidentes de bicicleta porque <a href=\"https:\/\/www.njnylawyers.com\/es\/blog\/insurance-claims-after-bicycle-accident-new-jersey\/\">compa\u00f1\u00edas de seguros<\/a> y las partes opositoras pueden intentar culpar excesivamente al ciclista para reducir su responsabilidad.<\/p>\n\n\n\n<p>Por ejemplo, si un conductor distra\u00eddo atropella a un ciclista sin usar un carril bici designado, la negligencia del conductor a\u00fan puede tener m\u00e1s peso que las acciones del ciclista. Un abogado h\u00e1bil puede ayudar a presentar pruebas que demuestren la culpa principal del conductor y ayudar a garantizar que el ciclista no reciba una culpa injusta por el accidente.<\/p>\n\n\n\n<h2 class=\"wp-block-heading\">Compensaci\u00f3n para v\u00edctimas de accidentes de bicicleta<\/h2>\n\n\n\n<p>Si sufriste lesiones en un accidente de bicicleta, podr\u00edas tener derecho a una indemnizaci\u00f3n por gastos m\u00e9dicos como tratamiento de emergencia, cirug\u00edas, terapia y atenci\u00f3n m\u00e9dica continua. Si no puedes trabajar debido al accidente, podr\u00edas recibir una indemnizaci\u00f3n por <a href=\"https:\/\/www.njnylawyers.com\/es\/blog\/claim-lost-wages-from-car-accident-new-york\/\">salarios no percibidos y capacidad de ganancia reducida<\/a> debido a lesiones. Adem\u00e1s, puedes recibir fondos por cualquier propiedad da\u00f1ada en el accidente.<\/p>\n\n\n\n<p>El impacto de un accidente grave a menudo es m\u00e1s que solo financiero. Su abogado de accidentes de bicicleta en Passaic tambi\u00e9n puede considerar la b\u00fasqueda de una compensaci\u00f3n por dolor f\u00edsico, angustia emocional y una calidad de vida reducida. Un bufete de abogados experimentado puede evaluar su caso y luchar por la compensaci\u00f3n completa que usted merece.<\/p>\n\n\n\n<h2 class=\"wp-block-heading\">C\u00f3mo Glugeth &amp; Pierguidi, P.C., Puede Ayudarle a Navegar los Desaf\u00edos de Responsabilidad y Seguros<\/h2>\n\n\n\n<p>Determinar la responsabilidad en un accidente de bicicleta puede ser complejo, especialmente cuando las compa\u00f1\u00edas de seguros intentan culpar al ciclista. Las aseguradoras a menudo intentan minimizar los pagos argumentando que el ciclista actu\u00f3 con negligencia, incluso cuando el conductor tuvo la culpa principal. Un bufete de abogados de accidentes de bicicleta en Passaic puede contrarrestar estas t\u00e1cticas al:<\/p>\n\n\n\n<ul class=\"wp-block-list\">\n<li>Recopilaci\u00f3n de pruebas, incluyendo grabaciones de c\u00e1maras de tr\u00e1fico y declaraciones de testigos;<\/li>\n\n\n\n<li>Trabajar con peritos en reconstrucci\u00f3n de accidentes para establecer culpabilidad;<\/li>\n\n\n\n<li>Impugnar las determinaciones de la compa\u00f1\u00eda de seguros que culpan injustamente al ciclista; y<\/li>\n\n\n\n<li>Negociar agresivamente para asegurar que usted reciba una compensaci\u00f3n completa y justa.<\/li>\n<\/ul>\n\n\n\n<p>Tener un abogado de tu lado garantiza que no seas declarado responsable injustamente y que las compa\u00f1\u00edas de seguros no se aprovechen de ti.<\/p>\n\n\n\n<h2 class=\"wp-block-heading\">Contacta a un abogado de accidentes de bicicleta de Passaic hoy<\/h2>\n\n\n\n<p>El ciclismo debe ser una actividad segura y placentera en Passaic. Si usted o un ser querido ha resultado herido en un accidente de bicicleta, no navegue por el proceso legal solo. <a href=\"https:\/\/www.njnylawyers.com\/es\/contact\/\" rel=\"nofollow\">Contacta a los talentosos abogados<\/a> en Glugeth &amp; Pierguidi, P.C., para una consulta gratuita. Perm\u00edtanos luchar por sus derechos y la compensaci\u00f3n que merece para que pueda volver a la carretera con confianza.<\/p>","protected":false},"excerpt":{"rendered":"<p>Passaic es una ciudad llena de vida donde andar en bicicleta no es solo un medio de transporte, sino tambi\u00e9n una forma popular de mantenerse activo y disfrutar del aire libre. Ya sea que vaya en bicicleta al trabajo, d\u00e9 un paseo panor\u00e1mico o simplemente salga a hacer ejercicio, usted merece sentirse seguro en la carretera. Desafortunadamente, los accidentes de bicicleta son muy comunes y suelen dejar a los ciclistas con lesiones graves y gastos m\u00e9dicos inesperados. Si t\u00fa o un ser querido han sufrido un accidente de bicicleta, necesitas un abogado con experiencia en accidentes de bicicleta en Passaic para proteger tus derechos. En Glugeth &amp; Pierguidi, P.C., nuestro equipo dedicado se compromete a ayudar a los ciclistas lesionados a obtener la indemnizaci\u00f3n que merecen. La creciente preocupaci\u00f3n por los accidentes de bicicleta en Nueva Jersey Andar en bicicleta es una actividad popular en Passaic, donde muchos residentes utilizan la bicicleta para desplazarse al trabajo, hacer ejercicio y por recreaci\u00f3n. Sin embargo, el aumento del uso de la bicicleta conlleva un aumento de los accidentes. En 2021, 23 ciclistas perdieron la vida en accidentes de tr\u00e1nsito en todo el estado, y muchos m\u00e1s sufrieron lesiones graves. Las zonas urbanas como Passaic presentan un mayor riesgo debido al tr\u00e1fico intenso, los conductores distra\u00eddos y los carriles para bicicletas inadecuados. Los ciclistas deber\u00edan poder disfrutar de la ciudad sin temor a conductores imprudentes o condiciones peligrosas en las carreteras, pero la realidad es que los accidentes ocurren con demasiada frecuencia. Causas comunes de los accidentes de bicicleta Si bien andar en bicicleta es una excelente forma de desplazarse, tambi\u00e9n conlleva riesgos. Algunas de las causas m\u00e1s comunes de los accidentes de bicicleta incluyen: Un abogado especializado en accidentes de bicicleta en Passaic puede ayudarle a buscar justicia y una indemnizaci\u00f3n si sufri\u00f3 una lesi\u00f3n debido a la negligencia de un conductor. Comprensi\u00f3n de las leyes y la responsabilidad civil sobre bicicletas en Nueva Jersey La ley de Nueva Jersey trata a los ciclistas como iguales a los conductores de veh\u00edculos motorizados, lo que significa que deben cumplir con las mismas leyes de tr\u00e1nsito. Sin embargo, tambi\u00e9n se benefician de protecciones legales espec\u00edficas. Las leyes clave de Nueva Jersey sobre bicicletas incluyen: Cuando los conductores ignoran estas reglas, ponen en peligro a los ciclistas. Un abogado especializado en accidentes de bicicleta en Passaic puede ayudarle a determinar c\u00f3mo estas leyes afectan su caso y a construir una s\u00f3lida demanda de indemnizaci\u00f3n, incluso si usted tuvo parte de la culpa. Comprender la negligencia comparativa en los accidentes de bicicleta Incluso si un ciclista comete un error, eso no significa necesariamente que pierda su derecho a buscar una indemnizaci\u00f3n. Nueva Jersey sigue un sistema de negligencia comparativa modificado. Si se determina que un ciclista no es responsable de m\u00e1s del 50 % de un accidente, su indemnizaci\u00f3n puede reducirse. Esto es fundamental en los casos de accidentes de bicicleta porque las compa\u00f1\u00edas de seguros y las partes contrarias pueden intentar atribuir una culpa excesiva al ciclista para reducir su responsabilidad. Por ejemplo, si un conductor distra\u00eddo atropella a un ciclista que no circula por un carril bici designado, la negligencia del conductor puede seguir superando las acciones del ciclista. Un abogado experto puede ayudar a presentar pruebas que demuestren la culpa principal del conductor y garantizar que el ciclista no reciba una culpa injusta por el accidente. Indemnizaci\u00f3n para v\u00edctimas de accidentes de bicicleta Si usted result\u00f3 lesionado en un accidente de bicicleta, puede tener derecho a una indemnizaci\u00f3n por gastos m\u00e9dicos, tales como tratamiento de emergencia, cirug\u00edas, terapia y atenci\u00f3n m\u00e9dica continua. Si no puede trabajar debido al accidente, puede recibir una indemnizaci\u00f3n por salarios perdidos y por la reducci\u00f3n de su capacidad de generar ingresos debido a las lesiones. Adem\u00e1s, puede recibir fondos por cualquier da\u00f1o a la propiedad causado por el accidente. El impacto de un accidente grave a menudo va m\u00e1s all\u00e1 de lo financiero. Su abogado especializado en accidentes de bicicleta en Passaic tambi\u00e9n puede considerar la posibilidad de reclamar una indemnizaci\u00f3n por dolor f\u00edsico, angustia emocional y disminuci\u00f3n de la calidad de vida. Un bufete de abogados con experiencia puede evaluar su caso y luchar por la indemnizaci\u00f3n completa que usted merece. C\u00f3mo Glugeth &amp; Pierguidi, P.C., puede ayudarle a afrontar los retos relacionados con la responsabilidad y los seguros Determinar la responsabilidad en un accidente de bicicleta puede ser complejo, especialmente cuando las compa\u00f1\u00edas de seguros intentan culpar al ciclista. Las aseguradoras suelen intentar minimizar los pagos argumentando que el ciclista actu\u00f3 con negligencia, incluso cuando el conductor fue el principal culpable. Un bufete de abogados especializado en accidentes de bicicleta en Passaic puede contrarrestar estas t\u00e1cticas de la siguiente manera: Contar con un abogado de su lado garantiza que no se le responsabilice injustamente y que las aseguradoras no se aprovechen de usted. Contacte hoy mismo a un abogado especializado en accidentes de bicicleta en Passaic Andar en bicicleta deber\u00eda ser una actividad segura y placentera en Passaic. Si usted o un ser querido ha resultado lesionado en un accidente de bicicleta, no enfrente el proceso legal solo. Contacte a los talentosos abogados de Glugeth &amp; Pierguidi, P.C., para una consulta gratuita. Perm\u00edtanos luchar por sus derechos y la indemnizaci\u00f3n que se merece para que pueda volver a la carretera con confianza.<\/p>","protected":false},"author":7,"featured_media":0,"parent":1392,"menu_order":0,"comment_status":"closed","ping_status":"closed","template":"templates\/page-practice-ind.php","meta":{"_acf_changed":false,"_ai_research_index":"1","footnotes":""},"class_list":["post-1407","page","type-page","status-publish","hentry"],"acf":[],"yoast_head":"<!-- This site is optimized with the Yoast SEO plugin v27.4 - https:\/\/yoast.com\/product\/yoast-seo-wordpress\/ -->\n<title>Bicycle Accident Lawyers | Passaic, NJ | 100% Free Consultation<\/title>\n<meta name=\"description\" content=\"If you or a loved one has been injured in a bicycle accident, contact our experienced Passaic bike accident lawyers today.\" \/>\n<meta name=\"robots\" content=\"index, follow, max-snippet:-1, max-image-preview:large, max-video-preview:-1\" \/>\n<link rel=\"canonical\" href=\"https:\/\/www.njnylawyers.com\/es\/passaic-personal-injury-lawyers\/bicycle-accident\/\" \/>\n<meta property=\"og:locale\" content=\"es_MX\" \/>\n<meta property=\"og:type\" content=\"article\" \/>\n<meta property=\"og:title\" content=\"Bicycle Accident Lawyers | Passaic, NJ | 100% Free Consultation\" \/>\n<meta property=\"og:description\" content=\"If you or a loved one has been injured in a bicycle accident, contact our experienced Passaic bike accident lawyers today.\" \/>\n<meta property=\"og:url\" content=\"https:\/\/www.njnylawyers.com\/es\/passaic-personal-injury-lawyers\/bicycle-accident\/\" \/>\n<meta property=\"og:site_name\" content=\"Glugeth &amp; Pierguidi, P.C.\" \/>\n<meta property=\"article:modified_time\" content=\"2025-04-03T15:04:43+00:00\" \/>\n<meta name=\"twitter:card\" content=\"summary_large_image\" \/>\n<meta name=\"twitter:label1\" content=\"Est. reading time\" \/>\n\t<meta name=\"twitter:data1\" content=\"5 minutos\" \/>\n<script type=\"application\/ld+json\" class=\"yoast-schema-graph\">{\"@context\":\"https:\\\/\\\/schema.org\",\"@graph\":[{\"@type\":\"WebPage\",\"@id\":\"https:\\\/\\\/www.njnylawyers.com\\\/passaic-personal-injury-lawyers\\\/bicycle-accident\\\/\",\"url\":\"https:\\\/\\\/www.njnylawyers.com\\\/passaic-personal-injury-lawyers\\\/bicycle-accident\\\/\",\"name\":\"Bicycle Accident Lawyers | Passaic, NJ | 100% Free Consultation\",\"isPartOf\":{\"@id\":\"https:\\\/\\\/www.njnylawyers.com\\\/#website\"},\"datePublished\":\"2025-04-03T15:04:42+00:00\",\"dateModified\":\"2025-04-03T15:04:43+00:00\",\"description\":\"If you or a loved one has been injured in a bicycle accident, contact our experienced Passaic bike accident lawyers today.\",\"breadcrumb\":{\"@id\":\"https:\\\/\\\/www.njnylawyers.com\\\/passaic-personal-injury-lawyers\\\/bicycle-accident\\\/#breadcrumb\"},\"inLanguage\":\"es\",\"potentialAction\":[{\"@type\":\"ReadAction\",\"target\":[\"https:\\\/\\\/www.njnylawyers.com\\\/passaic-personal-injury-lawyers\\\/bicycle-accident\\\/\"]}]},{\"@type\":\"BreadcrumbList\",\"@id\":\"https:\\\/\\\/www.njnylawyers.com\\\/passaic-personal-injury-lawyers\\\/bicycle-accident\\\/#breadcrumb\",\"itemListElement\":[{\"@type\":\"ListItem\",\"position\":1,\"name\":\"Home\",\"item\":\"https:\\\/\\\/www.njnylawyers.com\\\/\"},{\"@type\":\"ListItem\",\"position\":2,\"name\":\"Passaic Personal Injury Lawyers\",\"item\":\"https:\\\/\\\/www.njnylawyers.com\\\/passaic-personal-injury-lawyers\\\/\"},{\"@type\":\"ListItem\",\"position\":3,\"name\":\"Passaic Bicycle Accident Lawyers\"}]},{\"@type\":\"WebSite\",\"@id\":\"https:\\\/\\\/www.njnylawyers.com\\\/#website\",\"url\":\"https:\\\/\\\/www.njnylawyers.com\\\/\",\"name\":\"Glugeth & Pierguidi, P.C.\",\"description\":\"\",\"publisher\":{\"@id\":\"https:\\\/\\\/www.njnylawyers.com\\\/#organization\"},\"potentialAction\":[{\"@type\":\"SearchAction\",\"target\":{\"@type\":\"EntryPoint\",\"urlTemplate\":\"https:\\\/\\\/www.njnylawyers.com\\\/?s={search_term_string}\"},\"query-input\":{\"@type\":\"PropertyValueSpecification\",\"valueRequired\":true,\"valueName\":\"search_term_string\"}}],\"inLanguage\":\"es\"},{\"@type\":\"Organization\",\"@id\":\"https:\\\/\\\/www.njnylawyers.com\\\/#organization\",\"name\":\"Glugeth & Pierguidi, P.C.\",\"url\":\"https:\\\/\\\/www.njnylawyers.com\\\/\",\"logo\":{\"@type\":\"ImageObject\",\"inLanguage\":\"es\",\"@id\":\"https:\\\/\\\/www.njnylawyers.com\\\/#\\\/schema\\\/logo\\\/image\\\/\",\"url\":\"https:\\\/\\\/njnylawyers.wpengine.com\\\/wp-content\\\/uploads\\\/2022\\\/11\\\/img_header_logo.png\",\"contentUrl\":\"https:\\\/\\\/njnylawyers.wpengine.com\\\/wp-content\\\/uploads\\\/2022\\\/11\\\/img_header_logo.png\",\"width\":426,\"height\":107,\"caption\":\"Glugeth & Pierguidi, P.C.\"},\"image\":{\"@id\":\"https:\\\/\\\/www.njnylawyers.com\\\/#\\\/schema\\\/logo\\\/image\\\/\"}}]}<\/script>\n<!-- \/ Yoast SEO plugin. -->","yoast_head_json":{"title":"Abogados de Accidentes de Bicicleta | Passaic, NJ | 100% Consulta Gratuita","description":"Si usted o un ser querido ha resultado lesionado en un accidente de bicicleta, contacte hoy mismo a nuestros experimentados abogados de accidentes de bicicleta de Passaic.","robots":{"index":"index","follow":"follow","max-snippet":"max-snippet:-1","max-image-preview":"max-image-preview:large","max-video-preview":"max-video-preview:-1"},"canonical":"https:\/\/www.njnylawyers.com\/es\/passaic-personal-injury-lawyers\/bicycle-accident\/","og_locale":"es_MX","og_type":"article","og_title":"Bicycle Accident Lawyers | Passaic, NJ | 100% Free Consultation","og_description":"If you or a loved one has been injured in a bicycle accident, contact our experienced Passaic bike accident lawyers today.","og_url":"https:\/\/www.njnylawyers.com\/es\/passaic-personal-injury-lawyers\/bicycle-accident\/","og_site_name":"Glugeth &amp; Pierguidi, P.C.","article_modified_time":"2025-04-03T15:04:43+00:00","twitter_card":"summary_large_image","twitter_misc":{"Est. reading time":"5 minutos"},"schema":{"@context":"https:\/\/schema.org","@graph":[{"@type":"WebPage","@id":"https:\/\/www.njnylawyers.com\/passaic-personal-injury-lawyers\/bicycle-accident\/","url":"https:\/\/www.njnylawyers.com\/passaic-personal-injury-lawyers\/bicycle-accident\/","name":"Abogados de Accidentes de Bicicleta | Passaic, NJ | 100% Consulta Gratuita","isPartOf":{"@id":"https:\/\/www.njnylawyers.com\/#website"},"datePublished":"2025-04-03T15:04:42+00:00","dateModified":"2025-04-03T15:04:43+00:00","description":"Si usted o un ser querido ha resultado lesionado en un accidente de bicicleta, contacte hoy mismo a nuestros experimentados abogados de accidentes de bicicleta de Passaic.","breadcrumb":{"@id":"https:\/\/www.njnylawyers.com\/passaic-personal-injury-lawyers\/bicycle-accident\/#breadcrumb"},"inLanguage":"es","potentialAction":[{"@type":"ReadAction","target":["https:\/\/www.njnylawyers.com\/passaic-personal-injury-lawyers\/bicycle-accident\/"]}]},{"@type":"BreadcrumbList","@id":"https:\/\/www.njnylawyers.com\/passaic-personal-injury-lawyers\/bicycle-accident\/#breadcrumb","itemListElement":[{"@type":"ListItem","position":1,"name":"Home","item":"https:\/\/www.njnylawyers.com\/"},{"@type":"ListItem","position":2,"name":"Passaic Personal Injury Lawyers","item":"https:\/\/www.njnylawyers.com\/passaic-personal-injury-lawyers\/"},{"@type":"ListItem","position":3,"name":"Passaic Bicycle Accident Lawyers"}]},{"@type":"WebSite","@id":"https:\/\/www.njnylawyers.com\/#website","url":"https:\/\/www.njnylawyers.com\/","name":"Glugeth &amp; Pierguidi, P.C.","description":"","publisher":{"@id":"https:\/\/www.njnylawyers.com\/#organization"},"potentialAction":[{"@type":"SearchAction","target":{"@type":"EntryPoint","urlTemplate":"https:\/\/www.njnylawyers.com\/?s={search_term_string}"},"query-input":{"@type":"PropertyValueSpecification","valueRequired":true,"valueName":"search_term_string"}}],"inLanguage":"es"},{"@type":"Organization","@id":"https:\/\/www.njnylawyers.com\/#organization","name":"Glugeth &amp; Pierguidi, P.C.","url":"https:\/\/www.njnylawyers.com\/","logo":{"@type":"ImageObject","inLanguage":"es","@id":"https:\/\/www.njnylawyers.com\/#\/schema\/logo\/image\/","url":"https:\/\/njnylawyers.wpengine.com\/wp-content\/uploads\/2022\/11\/img_header_logo.png","contentUrl":"https:\/\/njnylawyers.wpengine.com\/wp-content\/uploads\/2022\/11\/img_header_logo.png","width":426,"height":107,"caption":"Glugeth & Pierguidi, P.C."},"image":{"@id":"https:\/\/www.njnylawyers.com\/#\/schema\/logo\/image\/"}}]}},"_links":{"self":[{"href":"https:\/\/www.njnylawyers.com\/es\/wp-json\/wp\/v2\/pages\/1407","targetHints":{"allow":["GET"]}}],"collection":[{"href":"https:\/\/www.njnylawyers.com\/es\/wp-json\/wp\/v2\/pages"}],"about":[{"href":"https:\/\/www.njnylawyers.com\/es\/wp-json\/wp\/v2\/types\/page"}],"author":[{"embeddable":true,"href":"https:\/\/www.njnylawyers.com\/es\/wp-json\/wp\/v2\/users\/7"}],"replies":[{"embeddable":true,"href":"https:\/\/www.njnylawyers.com\/es\/wp-json\/wp\/v2\/comments?post=1407"}],"version-history":[{"count":0,"href":"https:\/\/www.njnylawyers.com\/es\/wp-json\/wp\/v2\/pages\/1407\/revisions"}],"up":[{"embeddable":true,"href":"https:\/\/www.njnylawyers.com\/es\/wp-json\/wp\/v2\/pages\/1392"}],"wp:attachment":[{"href":"https:\/\/www.njnylawyers.com\/es\/wp-json\/wp\/v2\/media?parent=1407"}],"curies":[{"name":"wp","href":"https:\/\/api.w.org\/{rel}","templated":true}]}}