{"id":602,"date":"2022-11-29T19:25:35","date_gmt":"2022-11-30T02:25:35","guid":{"rendered":"https:\/\/njnylawyers.wpengine.com\/?page_id=602"},"modified":"2023-02-07T13:59:38","modified_gmt":"2023-02-07T20:59:38","slug":"disclaimer","status":"publish","type":"page","link":"https:\/\/www.njnylawyers.com\/es\/disclaimer\/","title":{"rendered":"Descargo de responsabilidad"},"content":{"rendered":"<p>Este sitio web proporciona informaci\u00f3n general para las personas interesadas en Glugeth &amp; Pierguidi, P.C. El sitio web contiene publicidad de abogados; los resultados anteriores no garantizan un resultado similar.<\/p>\n\n\n\n<p>El sitio web no pretende solicitar clientes. Los visitantes del sitio web no deben considerarlo como una invitaci\u00f3n a una relaci\u00f3n abogado-cliente. La elecci\u00f3n de un abogado es un proceso importante y no puede llevarse a cabo enviando informaci\u00f3n confidencial relacionada con usted y\/o su empresa al despacho. Adem\u00e1s, GP no puede garantizar la confidencialidad de las comunicaciones enviadas al despacho a trav\u00e9s del sitio web.<\/p>\n\n\n\n<p>El sitio web no pretende proporcionar asesoramiento jur\u00eddico y los visitantes no deben confiar en el sitio web o la informaci\u00f3n contenida en \u00e9l como asesoramiento jur\u00eddico. La informaci\u00f3n contenida en este sitio web no refleja necesariamente las opiniones de GP, sus abogados o clientes. GP declina expresamente toda responsabilidad por la confianza depositada en los contenidos de este sitio web.<\/p>\n\n\n\n<p>GP mantiene oficinas en Nueva York y Nueva Jersey. Las jurisdicciones en las que nuestros abogados est\u00e1n autorizados a ejercer se indican en la secci\u00f3n \"Perfil\" de este sitio web.<\/p>\n\n\n\n<p>Glugeth and Pierguidi, P.C. est\u00e1 organizado bajo las leyes del Estado de Nueva Jersey. La responsabilidad personal de nuestros socios est\u00e1 limitada en la medida prevista en dichas leyes.<\/p>","protected":false},"excerpt":{"rendered":"<p>This website provides general information for individuals who are interested in Glugeth &amp; Pierguidi, P.C. The website contains attorney advertising; prior results do not guarantee a similar outcome. The website is not intended to solicit clients. Visitors to the website should not consider it to be an invitation for an attorney-client relationship. Choosing an attorney is an important process and may not be accomplished by sending confidential information related to you and\/or your company to the firm. In addition, GP cannot guarantee the confidentiality of communications sent to the firm via the website. The website is not intended to provide legal advice and visitors should not rely on the website or information contained therein as legal advice. The information on this website does not necessarily reflect the opinions of GP, its attorneys or clients. GP expressly disclaims liability for reliance on the contents of this site. GP maintains an offices in New York and New Jersey. The jurisdictions in which our lawyers are licensed to practice are indicated in the \u201cProfile\u201d section of this website. Glugeth and Pierguidi, P.C. &nbsp;is organized under the laws of the State of New Jersey. The personal liability of our partners is limited to the extent provided in such laws.<\/p>","protected":false},"author":6,"featured_media":0,"parent":0,"menu_order":0,"comment_status":"closed","ping_status":"closed","template":"","meta":{"_acf_changed":false,"_ai_research_index":"1","footnotes":""},"class_list":["post-602","page","type-page","status-publish","hentry"],"acf":[],"yoast_head":"<!-- This site is optimized with the Yoast SEO plugin v27.3 - https:\/\/yoast.com\/product\/yoast-seo-wordpress\/ -->\n<title>Disclaimer | Glugeth &amp; Pierguidi, P.C.<\/title>\n<meta name=\"description\" content=\"Our website provides general legal information for individuals who are interested in Glugeth &amp; Pierguidi, P.C.\" \/>\n<meta name=\"robots\" content=\"noindex, follow\" \/>\n<meta property=\"og:locale\" content=\"es_MX\" \/>\n<meta property=\"og:type\" content=\"article\" \/>\n<meta property=\"og:title\" content=\"Disclaimer | Glugeth &amp; Pierguidi, P.C.\" \/>\n<meta property=\"og:description\" content=\"Our website provides general legal information for individuals who are interested in Glugeth &amp; Pierguidi, P.C.\" \/>\n<meta property=\"og:url\" content=\"https:\/\/www.njnylawyers.com\/es\/disclaimer\/\" \/>\n<meta property=\"og:site_name\" content=\"Glugeth &amp; Pierguidi, P.C.\" \/>\n<meta property=\"article:modified_time\" content=\"2023-02-07T20:59:38+00:00\" \/>\n<meta name=\"twitter:card\" content=\"summary_large_image\" \/>\n<meta name=\"twitter:label1\" content=\"Est. reading time\" \/>\n\t<meta name=\"twitter:data1\" content=\"1 minuto\" \/>\n<script type=\"application\/ld+json\" class=\"yoast-schema-graph\">{\"@context\":\"https:\\\/\\\/schema.org\",\"@graph\":[{\"@type\":\"WebPage\",\"@id\":\"https:\\\/\\\/www.njnylawyers.com\\\/disclaimer\\\/\",\"url\":\"https:\\\/\\\/www.njnylawyers.com\\\/disclaimer\\\/\",\"name\":\"Disclaimer | Glugeth &amp; Pierguidi, P.C.\",\"isPartOf\":{\"@id\":\"https:\\\/\\\/www.njnylawyers.com\\\/#website\"},\"datePublished\":\"2022-11-30T02:25:35+00:00\",\"dateModified\":\"2023-02-07T20:59:38+00:00\",\"description\":\"Our website provides general legal information for individuals who are interested in Glugeth & Pierguidi, P.C.\",\"breadcrumb\":{\"@id\":\"https:\\\/\\\/www.njnylawyers.com\\\/disclaimer\\\/#breadcrumb\"},\"inLanguage\":\"es\",\"potentialAction\":[{\"@type\":\"ReadAction\",\"target\":[\"https:\\\/\\\/www.njnylawyers.com\\\/disclaimer\\\/\"]}]},{\"@type\":\"BreadcrumbList\",\"@id\":\"https:\\\/\\\/www.njnylawyers.com\\\/disclaimer\\\/#breadcrumb\",\"itemListElement\":[{\"@type\":\"ListItem\",\"position\":1,\"name\":\"Home\",\"item\":\"https:\\\/\\\/www.njnylawyers.com\\\/\"},{\"@type\":\"ListItem\",\"position\":2,\"name\":\"Disclaimer\"}]},{\"@type\":\"WebSite\",\"@id\":\"https:\\\/\\\/www.njnylawyers.com\\\/#website\",\"url\":\"https:\\\/\\\/www.njnylawyers.com\\\/\",\"name\":\"Glugeth & Pierguidi, P.C.\",\"description\":\"\",\"publisher\":{\"@id\":\"https:\\\/\\\/www.njnylawyers.com\\\/#organization\"},\"potentialAction\":[{\"@type\":\"SearchAction\",\"target\":{\"@type\":\"EntryPoint\",\"urlTemplate\":\"https:\\\/\\\/www.njnylawyers.com\\\/?s={search_term_string}\"},\"query-input\":{\"@type\":\"PropertyValueSpecification\",\"valueRequired\":true,\"valueName\":\"search_term_string\"}}],\"inLanguage\":\"es\"},{\"@type\":\"Organization\",\"@id\":\"https:\\\/\\\/www.njnylawyers.com\\\/#organization\",\"name\":\"Glugeth & Pierguidi, P.C.\",\"url\":\"https:\\\/\\\/www.njnylawyers.com\\\/\",\"logo\":{\"@type\":\"ImageObject\",\"inLanguage\":\"es\",\"@id\":\"https:\\\/\\\/www.njnylawyers.com\\\/#\\\/schema\\\/logo\\\/image\\\/\",\"url\":\"https:\\\/\\\/njnylawyers.wpengine.com\\\/wp-content\\\/uploads\\\/2022\\\/11\\\/img_header_logo.png\",\"contentUrl\":\"https:\\\/\\\/njnylawyers.wpengine.com\\\/wp-content\\\/uploads\\\/2022\\\/11\\\/img_header_logo.png\",\"width\":426,\"height\":107,\"caption\":\"Glugeth & Pierguidi, P.C.\"},\"image\":{\"@id\":\"https:\\\/\\\/www.njnylawyers.com\\\/#\\\/schema\\\/logo\\\/image\\\/\"}}]}<\/script>\n<!-- \/ Yoast SEO plugin. -->","yoast_head_json":{"title":"Disclaimer | Glugeth &amp; Pierguidi, P.C.","description":"Our website provides general legal information for individuals who are interested in Glugeth & Pierguidi, P.C.","robots":{"index":"noindex","follow":"follow"},"og_locale":"es_MX","og_type":"article","og_title":"Disclaimer | Glugeth &amp; Pierguidi, P.C.","og_description":"Our website provides general legal information for individuals who are interested in Glugeth & Pierguidi, P.C.","og_url":"https:\/\/www.njnylawyers.com\/es\/disclaimer\/","og_site_name":"Glugeth &amp; Pierguidi, P.C.","article_modified_time":"2023-02-07T20:59:38+00:00","twitter_card":"summary_large_image","twitter_misc":{"Est. reading time":"1 minuto"},"schema":{"@context":"https:\/\/schema.org","@graph":[{"@type":"WebPage","@id":"https:\/\/www.njnylawyers.com\/disclaimer\/","url":"https:\/\/www.njnylawyers.com\/disclaimer\/","name":"Disclaimer | Glugeth &amp; Pierguidi, P.C.","isPartOf":{"@id":"https:\/\/www.njnylawyers.com\/#website"},"datePublished":"2022-11-30T02:25:35+00:00","dateModified":"2023-02-07T20:59:38+00:00","description":"Our website provides general legal information for individuals who are interested in Glugeth & Pierguidi, P.C.","breadcrumb":{"@id":"https:\/\/www.njnylawyers.com\/disclaimer\/#breadcrumb"},"inLanguage":"es","potentialAction":[{"@type":"ReadAction","target":["https:\/\/www.njnylawyers.com\/disclaimer\/"]}]},{"@type":"BreadcrumbList","@id":"https:\/\/www.njnylawyers.com\/disclaimer\/#breadcrumb","itemListElement":[{"@type":"ListItem","position":1,"name":"Home","item":"https:\/\/www.njnylawyers.com\/"},{"@type":"ListItem","position":2,"name":"Disclaimer"}]},{"@type":"WebSite","@id":"https:\/\/www.njnylawyers.com\/#website","url":"https:\/\/www.njnylawyers.com\/","name":"Glugeth &amp; Pierguidi, P.C.","description":"","publisher":{"@id":"https:\/\/www.njnylawyers.com\/#organization"},"potentialAction":[{"@type":"SearchAction","target":{"@type":"EntryPoint","urlTemplate":"https:\/\/www.njnylawyers.com\/?s={search_term_string}"},"query-input":{"@type":"PropertyValueSpecification","valueRequired":true,"valueName":"search_term_string"}}],"inLanguage":"es"},{"@type":"Organization","@id":"https:\/\/www.njnylawyers.com\/#organization","name":"Glugeth &amp; Pierguidi, P.C.","url":"https:\/\/www.njnylawyers.com\/","logo":{"@type":"ImageObject","inLanguage":"es","@id":"https:\/\/www.njnylawyers.com\/#\/schema\/logo\/image\/","url":"https:\/\/njnylawyers.wpengine.com\/wp-content\/uploads\/2022\/11\/img_header_logo.png","contentUrl":"https:\/\/njnylawyers.wpengine.com\/wp-content\/uploads\/2022\/11\/img_header_logo.png","width":426,"height":107,"caption":"Glugeth & Pierguidi, P.C."},"image":{"@id":"https:\/\/www.njnylawyers.com\/#\/schema\/logo\/image\/"}}]}},"_links":{"self":[{"href":"https:\/\/www.njnylawyers.com\/es\/wp-json\/wp\/v2\/pages\/602","targetHints":{"allow":["GET"]}}],"collection":[{"href":"https:\/\/www.njnylawyers.com\/es\/wp-json\/wp\/v2\/pages"}],"about":[{"href":"https:\/\/www.njnylawyers.com\/es\/wp-json\/wp\/v2\/types\/page"}],"author":[{"embeddable":true,"href":"https:\/\/www.njnylawyers.com\/es\/wp-json\/wp\/v2\/users\/6"}],"replies":[{"embeddable":true,"href":"https:\/\/www.njnylawyers.com\/es\/wp-json\/wp\/v2\/comments?post=602"}],"version-history":[{"count":0,"href":"https:\/\/www.njnylawyers.com\/es\/wp-json\/wp\/v2\/pages\/602\/revisions"}],"wp:attachment":[{"href":"https:\/\/www.njnylawyers.com\/es\/wp-json\/wp\/v2\/media?parent=602"}],"curies":[{"name":"wp","href":"https:\/\/api.w.org\/{rel}","templated":true}]}}