{"id":629,"date":"2023-01-26T12:41:03","date_gmt":"2023-01-26T19:41:03","guid":{"rendered":"https:\/\/njnylawyers.wpengine.com\/?page_id=629"},"modified":"2024-11-12T12:26:13","modified_gmt":"2024-11-12T19:26:13","slug":"jailene-guiterrez","status":"publish","type":"page","link":"https:\/\/www.njnylawyers.com\/es\/about\/jailene-guiterrez\/","title":{"rendered":"Jailene Guiterrez"},"content":{"rendered":"<h2 class=\"wp-block-heading\">Biograf\u00eda<\/h2>\n\n\n\n<p>Nuestra asistente legal, Jailene Guiterrez se gradu\u00f3 de la Universidad William Paterson con un t\u00edtulo en criminolog\u00eda. Durante su tiempo en la escuela, ella complet\u00f3 pr\u00e1cticas con el Departamento del Sheriff del Condado de Passaic y el Juez Adrianzen.<\/p>\n\n\n\n<p>Jailene ha estado trabajando en el campo de la ley de lesiones personales durante varios a\u00f1os. Ella es biling\u00fce e interact\u00faa con los clientes sobre una base diaria.<\/p>","protected":false},"excerpt":{"rendered":"<p>Biograf\u00eda: Nuestra asistente legal, Jailene Guiterrez, se gradu\u00f3 en Criminolog\u00eda en la Universidad William Paterson. Durante sus estudios, realiz\u00f3 pr\u00e1cticas en el Departamento del Sheriff del condado de Passaic y con el juez Adrianzen. Jailene lleva varios a\u00f1os trabajando en el \u00e1mbito del derecho de da\u00f1os personales. Es biling\u00fce y se comunica a diario con los clientes.<\/p>","protected":false},"author":2,"featured_media":0,"parent":61,"menu_order":0,"comment_status":"closed","ping_status":"closed","template":"templates\/page-attorney-ind.php","meta":{"_acf_changed":true,"_ai_research_index":"1","footnotes":""},"class_list":["post-629","page","type-page","status-publish","hentry"],"acf":[],"yoast_head":"<!-- This site is optimized with the Yoast SEO plugin v27.5 - https:\/\/yoast.com\/product\/yoast-seo-wordpress\/ -->\n<title>Jailene Guiterrez - Glugeth &amp; Pierguidi, P.C.<\/title>\n<meta name=\"description\" content=\"Paralegal Jailene Guiterrez supports personal injury and medical malpractice victims throughout Hoboken, NJ and New York City.\" \/>\n<meta name=\"robots\" content=\"index, follow, max-snippet:-1, max-image-preview:large, max-video-preview:-1\" \/>\n<link rel=\"canonical\" href=\"https:\/\/www.njnylawyers.com\/es\/about\/jailene-guiterrez\/\" \/>\n<meta property=\"og:locale\" content=\"es_MX\" \/>\n<meta property=\"og:type\" content=\"article\" \/>\n<meta property=\"og:title\" content=\"Jailene Guiterrez - Glugeth &amp; Pierguidi, P.C.\" \/>\n<meta property=\"og:description\" content=\"Paralegal Jailene Guiterrez supports personal injury and medical malpractice victims throughout Hoboken, NJ and New York City.\" \/>\n<meta property=\"og:url\" content=\"https:\/\/www.njnylawyers.com\/es\/about\/jailene-guiterrez\/\" \/>\n<meta property=\"og:site_name\" content=\"Glugeth &amp; Pierguidi, P.C.\" \/>\n<meta property=\"article:modified_time\" content=\"2024-11-12T19:26:13+00:00\" \/>\n<meta name=\"twitter:card\" content=\"summary_large_image\" \/>\n<meta name=\"twitter:label1\" content=\"Est. reading time\" \/>\n\t<meta name=\"twitter:data1\" content=\"1 minuto\" \/>\n<script type=\"application\/ld+json\" class=\"yoast-schema-graph\">{\"@context\":\"https:\\\/\\\/schema.org\",\"@graph\":[{\"@type\":\"WebPage\",\"@id\":\"https:\\\/\\\/www.njnylawyers.com\\\/about\\\/jailene-guiterrez\\\/\",\"url\":\"https:\\\/\\\/www.njnylawyers.com\\\/about\\\/jailene-guiterrez\\\/\",\"name\":\"Jailene Guiterrez - Glugeth &amp; Pierguidi, P.C.\",\"isPartOf\":{\"@id\":\"https:\\\/\\\/www.njnylawyers.com\\\/#website\"},\"datePublished\":\"2023-01-26T19:41:03+00:00\",\"dateModified\":\"2024-11-12T19:26:13+00:00\",\"description\":\"Paralegal Jailene Guiterrez supports personal injury and medical malpractice victims throughout Hoboken, NJ and New York City.\",\"breadcrumb\":{\"@id\":\"https:\\\/\\\/www.njnylawyers.com\\\/about\\\/jailene-guiterrez\\\/#breadcrumb\"},\"inLanguage\":\"es\",\"potentialAction\":[{\"@type\":\"ReadAction\",\"target\":[\"https:\\\/\\\/www.njnylawyers.com\\\/about\\\/jailene-guiterrez\\\/\"]}]},{\"@type\":\"BreadcrumbList\",\"@id\":\"https:\\\/\\\/www.njnylawyers.com\\\/about\\\/jailene-guiterrez\\\/#breadcrumb\",\"itemListElement\":[{\"@type\":\"ListItem\",\"position\":1,\"name\":\"Home\",\"item\":\"https:\\\/\\\/www.njnylawyers.com\\\/\"},{\"@type\":\"ListItem\",\"position\":2,\"name\":\"About\",\"item\":\"https:\\\/\\\/www.njnylawyers.com\\\/about\\\/\"},{\"@type\":\"ListItem\",\"position\":3,\"name\":\"Jailene Guiterrez\"}]},{\"@type\":\"WebSite\",\"@id\":\"https:\\\/\\\/www.njnylawyers.com\\\/#website\",\"url\":\"https:\\\/\\\/www.njnylawyers.com\\\/\",\"name\":\"Glugeth & Pierguidi, P.C.\",\"description\":\"\",\"publisher\":{\"@id\":\"https:\\\/\\\/www.njnylawyers.com\\\/#organization\"},\"potentialAction\":[{\"@type\":\"SearchAction\",\"target\":{\"@type\":\"EntryPoint\",\"urlTemplate\":\"https:\\\/\\\/www.njnylawyers.com\\\/?s={search_term_string}\"},\"query-input\":{\"@type\":\"PropertyValueSpecification\",\"valueRequired\":true,\"valueName\":\"search_term_string\"}}],\"inLanguage\":\"es\"},{\"@type\":\"Organization\",\"@id\":\"https:\\\/\\\/www.njnylawyers.com\\\/#organization\",\"name\":\"Glugeth & Pierguidi, P.C.\",\"url\":\"https:\\\/\\\/www.njnylawyers.com\\\/\",\"logo\":{\"@type\":\"ImageObject\",\"inLanguage\":\"es\",\"@id\":\"https:\\\/\\\/www.njnylawyers.com\\\/#\\\/schema\\\/logo\\\/image\\\/\",\"url\":\"https:\\\/\\\/njnylawyers.wpengine.com\\\/wp-content\\\/uploads\\\/2022\\\/11\\\/img_header_logo.png\",\"contentUrl\":\"https:\\\/\\\/njnylawyers.wpengine.com\\\/wp-content\\\/uploads\\\/2022\\\/11\\\/img_header_logo.png\",\"width\":426,\"height\":107,\"caption\":\"Glugeth & Pierguidi, P.C.\"},\"image\":{\"@id\":\"https:\\\/\\\/www.njnylawyers.com\\\/#\\\/schema\\\/logo\\\/image\\\/\"}}]}<\/script>\n<!-- \/ Yoast SEO plugin. -->","yoast_head_json":{"title":"Jailene Guti\u00e9rrez - Glugeth &amp; Pierguidi, P.C.","description":"La asistente legal Jailene Guiterrez brinda apoyo a v\u00edctimas de lesiones personales y negligencia m\u00e9dica en Hoboken (Nueva Jersey) y la ciudad de Nueva York.","robots":{"index":"index","follow":"follow","max-snippet":"max-snippet:-1","max-image-preview":"max-image-preview:large","max-video-preview":"max-video-preview:-1"},"canonical":"https:\/\/www.njnylawyers.com\/es\/about\/jailene-guiterrez\/","og_locale":"es_MX","og_type":"article","og_title":"Jailene Guiterrez - Glugeth &amp; Pierguidi, P.C.","og_description":"Paralegal Jailene Guiterrez supports personal injury and medical malpractice victims throughout Hoboken, NJ and New York City.","og_url":"https:\/\/www.njnylawyers.com\/es\/about\/jailene-guiterrez\/","og_site_name":"Glugeth &amp; Pierguidi, P.C.","article_modified_time":"2024-11-12T19:26:13+00:00","twitter_card":"summary_large_image","twitter_misc":{"Est. reading time":"1 minuto"},"schema":{"@context":"https:\/\/schema.org","@graph":[{"@type":"WebPage","@id":"https:\/\/www.njnylawyers.com\/about\/jailene-guiterrez\/","url":"https:\/\/www.njnylawyers.com\/about\/jailene-guiterrez\/","name":"Jailene Guti\u00e9rrez - Glugeth &amp; Pierguidi, P.C.","isPartOf":{"@id":"https:\/\/www.njnylawyers.com\/#website"},"datePublished":"2023-01-26T19:41:03+00:00","dateModified":"2024-11-12T19:26:13+00:00","description":"La asistente legal Jailene Guiterrez brinda apoyo a v\u00edctimas de lesiones personales y negligencia m\u00e9dica en Hoboken (Nueva Jersey) y la ciudad de Nueva York.","breadcrumb":{"@id":"https:\/\/www.njnylawyers.com\/about\/jailene-guiterrez\/#breadcrumb"},"inLanguage":"es","potentialAction":[{"@type":"ReadAction","target":["https:\/\/www.njnylawyers.com\/about\/jailene-guiterrez\/"]}]},{"@type":"BreadcrumbList","@id":"https:\/\/www.njnylawyers.com\/about\/jailene-guiterrez\/#breadcrumb","itemListElement":[{"@type":"ListItem","position":1,"name":"Home","item":"https:\/\/www.njnylawyers.com\/"},{"@type":"ListItem","position":2,"name":"About","item":"https:\/\/www.njnylawyers.com\/about\/"},{"@type":"ListItem","position":3,"name":"Jailene Guiterrez"}]},{"@type":"WebSite","@id":"https:\/\/www.njnylawyers.com\/#website","url":"https:\/\/www.njnylawyers.com\/","name":"Glugeth &amp; Pierguidi, P.C.","description":"","publisher":{"@id":"https:\/\/www.njnylawyers.com\/#organization"},"potentialAction":[{"@type":"SearchAction","target":{"@type":"EntryPoint","urlTemplate":"https:\/\/www.njnylawyers.com\/?s={search_term_string}"},"query-input":{"@type":"PropertyValueSpecification","valueRequired":true,"valueName":"search_term_string"}}],"inLanguage":"es"},{"@type":"Organization","@id":"https:\/\/www.njnylawyers.com\/#organization","name":"Glugeth &amp; Pierguidi, P.C.","url":"https:\/\/www.njnylawyers.com\/","logo":{"@type":"ImageObject","inLanguage":"es","@id":"https:\/\/www.njnylawyers.com\/#\/schema\/logo\/image\/","url":"https:\/\/njnylawyers.wpengine.com\/wp-content\/uploads\/2022\/11\/img_header_logo.png","contentUrl":"https:\/\/njnylawyers.wpengine.com\/wp-content\/uploads\/2022\/11\/img_header_logo.png","width":426,"height":107,"caption":"Glugeth & Pierguidi, P.C."},"image":{"@id":"https:\/\/www.njnylawyers.com\/#\/schema\/logo\/image\/"}}]}},"_links":{"self":[{"href":"https:\/\/www.njnylawyers.com\/es\/wp-json\/wp\/v2\/pages\/629","targetHints":{"allow":["GET"]}}],"collection":[{"href":"https:\/\/www.njnylawyers.com\/es\/wp-json\/wp\/v2\/pages"}],"about":[{"href":"https:\/\/www.njnylawyers.com\/es\/wp-json\/wp\/v2\/types\/page"}],"author":[{"embeddable":true,"href":"https:\/\/www.njnylawyers.com\/es\/wp-json\/wp\/v2\/users\/2"}],"replies":[{"embeddable":true,"href":"https:\/\/www.njnylawyers.com\/es\/wp-json\/wp\/v2\/comments?post=629"}],"version-history":[{"count":0,"href":"https:\/\/www.njnylawyers.com\/es\/wp-json\/wp\/v2\/pages\/629\/revisions"}],"up":[{"embeddable":true,"href":"https:\/\/www.njnylawyers.com\/es\/wp-json\/wp\/v2\/pages\/61"}],"wp:attachment":[{"href":"https:\/\/www.njnylawyers.com\/es\/wp-json\/wp\/v2\/media?parent=629"}],"curies":[{"name":"wp","href":"https:\/\/api.w.org\/{rel}","templated":true}]}}