{"id":757,"date":"2023-05-18T11:01:26","date_gmt":"2023-05-18T18:01:26","guid":{"rendered":"https:\/\/www.njnylawyers.com\/?page_id=757"},"modified":"2023-12-29T14:50:08","modified_gmt":"2023-12-29T21:50:08","slug":"free-uber-lyft-cab-rides","status":"publish","type":"page","link":"https:\/\/www.njnylawyers.com\/es\/free-uber-lyft-cab-rides\/","title":{"rendered":"Viajes gratis en Uber, Lyft y taxi"},"content":{"rendered":"<p>En un esfuerzo por <strong>reducir el riesgo de<\/strong> <strong>beber y conducir<\/strong> nos enorgullece presentar <strong>viajes gratis en taxi o coche compartido durante las fiestas<\/strong> \u00a1para ti!<\/p>\n\n\n\n<p><strong>Nos preocupamos por nuestros residentes en el \u00e1rea metropolitana de Nueva York y queremos devolverles el favor ofreci\u00e9ndoles viajes gratuitos en taxi, Uber o Lyft estas vacaciones para evitar que conduzcan bajo los efectos del alcohol.<\/strong><\/p>\n\n\n\n<h2 class=\"wp-block-heading\">C\u00f3mo funciona:<\/h2>\n\n\n\n<p>El programa es sencillo. <strong>si ha bebido: coja un Uber, Lyft o taxi y se lo reembolsaremos<\/strong> <strong>para ello<\/strong>!<\/p>\n\n\n\n<p>Haga la elecci\u00f3n correcta, la elecci\u00f3n responsable para llegar a casa durante la celebraci\u00f3n del A\u00f1o Nuevo.<\/p>\n\n\n\n<h2 class=\"wp-block-heading\">D\u00edas de clasificaci\u00f3n:<\/h2>\n\n\n\n<p><strong>Del 31 de diciembre de 2023 al 2 de enero de 2024<\/strong><\/p>\n\n\n\n<h2 class=\"wp-block-heading\">Detalles del programa:<\/h2>\n\n\n\n<ul class=\"wp-block-list\">\n<li>Los viajes deben realizarse en el \u00e1rea metropolitana de Nueva York, ya sea en Nueva Jersey o en la ciudad de Nueva York.<\/li>\n\n\n\n<li>Los viajes deber\u00e1n realizarse entre las 17:00 horas del domingo 31 de diciembre y las 10:00 horas del martes 2 de enero de 2024.<\/li>\n\n\n\n<li>Debe tener la edad legal para consumir alcohol (21 a\u00f1os o m\u00e1s).<\/li>\n\n\n\n<li>V\u00e1lido para un viaje de ida a un destino seguro.<\/li>\n\n\n\n<li>L\u00edmite de un reembolso por hogar.<\/li>\n\n\n\n<li>Un valor m\u00e1ximo de $30,00 en cualquier lugar del \u00e1rea metropolitana de Nueva York.<\/li>\n\n\n\n<li>El valor m\u00e1ximo incluye una propina de hasta 10%. Todo lo que supere una propina de 10% sobre la tarifa base no se reembolsar\u00e1.<\/li>\n\n\n\n<li>La participaci\u00f3n en esta promoci\u00f3n est\u00e1 limitada a los 60 primeros env\u00edos.<\/li>\n<\/ul>\n\n\n\n<h2 class=\"wp-block-heading\">\u00bfCu\u00e1ndo recibir\u00e9 el reembolso?<\/h2>\n\n\n\n<p><strong>En un plazo de 10 d\u00edas laborables, deber\u00e1 presentar una copia de su recibo y un documento de identidad con fotograf\u00eda y enviarlo por correo a nuestra oficina:<\/strong><\/p>\n\n\n\n<p><strong>Atenci\u00f3n: Campa\u00f1a \"Sober Rides<\/strong><br><strong>Glugeth &amp; Pierguidi, P.C.<\/strong><br>5 River St Suite 303,<br>Hoboken, NJ 07030<\/p>\n\n\n\n<p>El bufete de abogados examinar\u00e1 las solicitudes por orden de llegada, y <strong>las primeras 60 personas recibir\u00e1n reembolsos<\/strong>. Los cheques se enviar\u00e1n a la direcci\u00f3n que figure en el documento de identidad con fotograf\u00eda.<\/p>\n\n\n\n<h5 class=\"wp-block-heading\">\u00c1REAS DE PR\u00c1CTICA<\/h5>\n\n\n\n<ul class=\"wp-block-list\">\n<li><a href=\"https:\/\/www.njnylawyers.com\/es\/personal-injury\/\">Da\u00f1os corporales<\/a><\/li>\n\n\n\n<li><a href=\"https:\/\/www.njnylawyers.com\/es\/car-accidents\/\">Accidentes de tr\u00e1fico<\/a><\/li>\n\n\n\n<li><a href=\"https:\/\/www.njnylawyers.com\/es\/truck-accidents\/\">Accidentes de camiones<\/a><\/li>\n\n\n\n<li><a href=\"https:\/\/www.njnylawyers.com\/es\/motorcycle-accidents\/\">Accidentes de moto<\/a><\/li>\n\n\n\n<li><a href=\"https:\/\/www.njnylawyers.com\/es\/bicycle-cycling-accidents\/\">Accidentes de bicicleta<\/a><\/li>\n\n\n\n<li><a href=\"https:\/\/www.njnylawyers.com\/es\/uber-lyft-accidents\/\">Accidentes de Uber y Lyft<\/a><\/li>\n\n\n\n<li><a href=\"https:\/\/www.njnylawyers.com\/es\/labor-law-and-construction-accidents\/\">Accidentes laborales y de la construcci\u00f3n<\/a><\/li>\n\n\n\n<li><a href=\"https:\/\/www.njnylawyers.com\/es\/medical-malpractice\/\">Negligencias m\u00e9dicas<\/a><\/li>\n<\/ul>\n\n\n\n<p><strong><a href=\"https:\/\/www.njnylawyers.com\/es\/contact\/\" rel=\"nofollow\">P\u00f3ngase en contacto con nosotros<\/a> <\/strong>hoy<strong> <\/strong>para hablar con un abogado de lesiones personales sobre casos relacionados con accidentes.<\/p>","protected":false},"excerpt":{"rendered":"<p>In an effort to reduce the risk of drinking and driving we are proud to present free holiday cab and ride-share rides for you! We care about our residents in the New York metro area and want to give back by offering free cab, Uber, or Lyft rides this holiday to prevent drinking and driving. How it Works: The program is simple \u2013 if you have been drinking \u2013 take an Uber, Lyft, or cab and we will reimburse you for it! Make the right choice, the responsible choice to get home during the New Year celebration. Qualifying Days: Dec 31, 2023 through Jan 2, 2024 Details to the Program: When Will I Get My Reimbursement? Within 10 business days, you must submit a copy of your receipt and photo id and mail-in to our office: Attention: The Sober Rides CampaignGlugeth &amp; Pierguidi, P.C.5 River St Suite 303,Hoboken, NJ 07030 The law firm will review the submissions on a first come first serve basis, and the first 60 people will receive reimbursements. Checks will be mailed to the address on the photo ID. PRACTICE AREAS Contact us today to speak with a personal injury lawyer about accident-related cases!<\/p>","protected":false},"author":2,"featured_media":0,"parent":0,"menu_order":0,"comment_status":"closed","ping_status":"closed","template":"","meta":{"_acf_changed":false,"_ai_research_index":"1","footnotes":""},"class_list":["post-757","page","type-page","status-publish","hentry"],"acf":[],"yoast_head":"<!-- This site is optimized with the Yoast SEO plugin v27.4 - https:\/\/yoast.com\/product\/yoast-seo-wordpress\/ -->\n<title>Free Uber, Lyft, and Cab Rides | Glugeth &amp; Pierguidi, P.C.<\/title>\n<meta name=\"description\" content=\"In an effort to reduce the risk of drinking and driving we are proud to present free Uber, Lyft, and cab rides for Memorial Day weekend 2023.\" \/>\n<meta name=\"robots\" content=\"index, follow, max-snippet:-1, max-image-preview:large, max-video-preview:-1\" \/>\n<link rel=\"canonical\" href=\"https:\/\/www.njnylawyers.com\/es\/free-uber-lyft-cab-rides\/\" \/>\n<meta property=\"og:locale\" content=\"es_MX\" \/>\n<meta property=\"og:type\" content=\"article\" \/>\n<meta property=\"og:title\" content=\"Free Uber, Lyft, and Cab Rides | Glugeth &amp; Pierguidi, P.C.\" \/>\n<meta property=\"og:description\" content=\"In an effort to reduce the risk of drinking and driving we are proud to present free Uber, Lyft, and cab rides for Memorial Day weekend 2023.\" \/>\n<meta property=\"og:url\" content=\"https:\/\/www.njnylawyers.com\/es\/free-uber-lyft-cab-rides\/\" \/>\n<meta property=\"og:site_name\" content=\"Glugeth &amp; Pierguidi, P.C.\" \/>\n<meta property=\"article:modified_time\" content=\"2023-12-29T21:50:08+00:00\" \/>\n<meta name=\"twitter:card\" content=\"summary_large_image\" \/>\n<meta name=\"twitter:label1\" content=\"Est. reading time\" \/>\n\t<meta name=\"twitter:data1\" content=\"2 minutos\" \/>\n<script type=\"application\/ld+json\" class=\"yoast-schema-graph\">{\"@context\":\"https:\\\/\\\/schema.org\",\"@graph\":[{\"@type\":\"WebPage\",\"@id\":\"https:\\\/\\\/www.njnylawyers.com\\\/free-uber-lyft-cab-rides\\\/\",\"url\":\"https:\\\/\\\/www.njnylawyers.com\\\/free-uber-lyft-cab-rides\\\/\",\"name\":\"Free Uber, Lyft, and Cab Rides | Glugeth &amp; Pierguidi, P.C.\",\"isPartOf\":{\"@id\":\"https:\\\/\\\/www.njnylawyers.com\\\/#website\"},\"datePublished\":\"2023-05-18T18:01:26+00:00\",\"dateModified\":\"2023-12-29T21:50:08+00:00\",\"description\":\"In an effort to reduce the risk of drinking and driving we are proud to present free Uber, Lyft, and cab rides for Memorial Day weekend 2023.\",\"breadcrumb\":{\"@id\":\"https:\\\/\\\/www.njnylawyers.com\\\/free-uber-lyft-cab-rides\\\/#breadcrumb\"},\"inLanguage\":\"es\",\"potentialAction\":[{\"@type\":\"ReadAction\",\"target\":[\"https:\\\/\\\/www.njnylawyers.com\\\/free-uber-lyft-cab-rides\\\/\"]}]},{\"@type\":\"BreadcrumbList\",\"@id\":\"https:\\\/\\\/www.njnylawyers.com\\\/free-uber-lyft-cab-rides\\\/#breadcrumb\",\"itemListElement\":[{\"@type\":\"ListItem\",\"position\":1,\"name\":\"Home\",\"item\":\"https:\\\/\\\/www.njnylawyers.com\\\/\"},{\"@type\":\"ListItem\",\"position\":2,\"name\":\"Free Uber, Lyft, and Cab Rides\"}]},{\"@type\":\"WebSite\",\"@id\":\"https:\\\/\\\/www.njnylawyers.com\\\/#website\",\"url\":\"https:\\\/\\\/www.njnylawyers.com\\\/\",\"name\":\"Glugeth & Pierguidi, P.C.\",\"description\":\"\",\"publisher\":{\"@id\":\"https:\\\/\\\/www.njnylawyers.com\\\/#organization\"},\"potentialAction\":[{\"@type\":\"SearchAction\",\"target\":{\"@type\":\"EntryPoint\",\"urlTemplate\":\"https:\\\/\\\/www.njnylawyers.com\\\/?s={search_term_string}\"},\"query-input\":{\"@type\":\"PropertyValueSpecification\",\"valueRequired\":true,\"valueName\":\"search_term_string\"}}],\"inLanguage\":\"es\"},{\"@type\":\"Organization\",\"@id\":\"https:\\\/\\\/www.njnylawyers.com\\\/#organization\",\"name\":\"Glugeth & Pierguidi, P.C.\",\"url\":\"https:\\\/\\\/www.njnylawyers.com\\\/\",\"logo\":{\"@type\":\"ImageObject\",\"inLanguage\":\"es\",\"@id\":\"https:\\\/\\\/www.njnylawyers.com\\\/#\\\/schema\\\/logo\\\/image\\\/\",\"url\":\"https:\\\/\\\/njnylawyers.wpengine.com\\\/wp-content\\\/uploads\\\/2022\\\/11\\\/img_header_logo.png\",\"contentUrl\":\"https:\\\/\\\/njnylawyers.wpengine.com\\\/wp-content\\\/uploads\\\/2022\\\/11\\\/img_header_logo.png\",\"width\":426,\"height\":107,\"caption\":\"Glugeth & Pierguidi, P.C.\"},\"image\":{\"@id\":\"https:\\\/\\\/www.njnylawyers.com\\\/#\\\/schema\\\/logo\\\/image\\\/\"}}]}<\/script>\n<!-- \/ Yoast SEO plugin. -->","yoast_head_json":{"title":"Free Uber, Lyft, and Cab Rides | Glugeth &amp; Pierguidi, P.C.","description":"In an effort to reduce the risk of drinking and driving we are proud to present free Uber, Lyft, and cab rides for Memorial Day weekend 2023.","robots":{"index":"index","follow":"follow","max-snippet":"max-snippet:-1","max-image-preview":"max-image-preview:large","max-video-preview":"max-video-preview:-1"},"canonical":"https:\/\/www.njnylawyers.com\/es\/free-uber-lyft-cab-rides\/","og_locale":"es_MX","og_type":"article","og_title":"Free Uber, Lyft, and Cab Rides | Glugeth &amp; Pierguidi, P.C.","og_description":"In an effort to reduce the risk of drinking and driving we are proud to present free Uber, Lyft, and cab rides for Memorial Day weekend 2023.","og_url":"https:\/\/www.njnylawyers.com\/es\/free-uber-lyft-cab-rides\/","og_site_name":"Glugeth &amp; Pierguidi, P.C.","article_modified_time":"2023-12-29T21:50:08+00:00","twitter_card":"summary_large_image","twitter_misc":{"Est. reading time":"2 minutos"},"schema":{"@context":"https:\/\/schema.org","@graph":[{"@type":"WebPage","@id":"https:\/\/www.njnylawyers.com\/free-uber-lyft-cab-rides\/","url":"https:\/\/www.njnylawyers.com\/free-uber-lyft-cab-rides\/","name":"Free Uber, Lyft, and Cab Rides | Glugeth &amp; Pierguidi, P.C.","isPartOf":{"@id":"https:\/\/www.njnylawyers.com\/#website"},"datePublished":"2023-05-18T18:01:26+00:00","dateModified":"2023-12-29T21:50:08+00:00","description":"In an effort to reduce the risk of drinking and driving we are proud to present free Uber, Lyft, and cab rides for Memorial Day weekend 2023.","breadcrumb":{"@id":"https:\/\/www.njnylawyers.com\/free-uber-lyft-cab-rides\/#breadcrumb"},"inLanguage":"es","potentialAction":[{"@type":"ReadAction","target":["https:\/\/www.njnylawyers.com\/free-uber-lyft-cab-rides\/"]}]},{"@type":"BreadcrumbList","@id":"https:\/\/www.njnylawyers.com\/free-uber-lyft-cab-rides\/#breadcrumb","itemListElement":[{"@type":"ListItem","position":1,"name":"Home","item":"https:\/\/www.njnylawyers.com\/"},{"@type":"ListItem","position":2,"name":"Free Uber, Lyft, and Cab Rides"}]},{"@type":"WebSite","@id":"https:\/\/www.njnylawyers.com\/#website","url":"https:\/\/www.njnylawyers.com\/","name":"Glugeth &amp; Pierguidi, P.C.","description":"","publisher":{"@id":"https:\/\/www.njnylawyers.com\/#organization"},"potentialAction":[{"@type":"SearchAction","target":{"@type":"EntryPoint","urlTemplate":"https:\/\/www.njnylawyers.com\/?s={search_term_string}"},"query-input":{"@type":"PropertyValueSpecification","valueRequired":true,"valueName":"search_term_string"}}],"inLanguage":"es"},{"@type":"Organization","@id":"https:\/\/www.njnylawyers.com\/#organization","name":"Glugeth &amp; Pierguidi, P.C.","url":"https:\/\/www.njnylawyers.com\/","logo":{"@type":"ImageObject","inLanguage":"es","@id":"https:\/\/www.njnylawyers.com\/#\/schema\/logo\/image\/","url":"https:\/\/njnylawyers.wpengine.com\/wp-content\/uploads\/2022\/11\/img_header_logo.png","contentUrl":"https:\/\/njnylawyers.wpengine.com\/wp-content\/uploads\/2022\/11\/img_header_logo.png","width":426,"height":107,"caption":"Glugeth & Pierguidi, P.C."},"image":{"@id":"https:\/\/www.njnylawyers.com\/#\/schema\/logo\/image\/"}}]}},"_links":{"self":[{"href":"https:\/\/www.njnylawyers.com\/es\/wp-json\/wp\/v2\/pages\/757","targetHints":{"allow":["GET"]}}],"collection":[{"href":"https:\/\/www.njnylawyers.com\/es\/wp-json\/wp\/v2\/pages"}],"about":[{"href":"https:\/\/www.njnylawyers.com\/es\/wp-json\/wp\/v2\/types\/page"}],"author":[{"embeddable":true,"href":"https:\/\/www.njnylawyers.com\/es\/wp-json\/wp\/v2\/users\/2"}],"replies":[{"embeddable":true,"href":"https:\/\/www.njnylawyers.com\/es\/wp-json\/wp\/v2\/comments?post=757"}],"version-history":[{"count":0,"href":"https:\/\/www.njnylawyers.com\/es\/wp-json\/wp\/v2\/pages\/757\/revisions"}],"wp:attachment":[{"href":"https:\/\/www.njnylawyers.com\/es\/wp-json\/wp\/v2\/media?parent=757"}],"curies":[{"name":"wp","href":"https:\/\/api.w.org\/{rel}","templated":true}]}}