{"id":775,"date":"2023-05-26T18:16:00","date_gmt":"2023-05-27T01:16:00","guid":{"rendered":"https:\/\/www.njnylawyers.com\/?page_id=775"},"modified":"2023-06-28T12:26:50","modified_gmt":"2023-06-28T19:26:50","slug":"new-jersey-slip-and-fall-lawyers","status":"publish","type":"page","link":"https:\/\/www.njnylawyers.com\/es\/new-jersey-slip-and-fall-lawyers\/","title":{"rendered":"Abogados de Nueva Jersey especializados en resbalones y ca\u00eddas"},"content":{"rendered":"<div class=\"wp-block-image\">\n<figure class=\"alignright size-medium is-resized\"><img decoding=\"async\" src=\"https:\/\/www.njnylawyers.com\/wp-content\/uploads\/2023\/06\/Slip-and-Fall-7-500x333.jpg\" alt=\"Hoboken Slip-and-Fall Lawyer\" class=\"wp-image-776\" width=\"300\" srcset=\"https:\/\/www.njnylawyers.com\/wp-content\/uploads\/2023\/06\/Slip-and-Fall-7-500x333.jpg 500w, https:\/\/www.njnylawyers.com\/wp-content\/uploads\/2023\/06\/Slip-and-Fall-7-1024x683.jpg 1024w, https:\/\/www.njnylawyers.com\/wp-content\/uploads\/2023\/06\/Slip-and-Fall-7-768x512.jpg 768w, https:\/\/www.njnylawyers.com\/wp-content\/uploads\/2023\/06\/Slip-and-Fall-7-1536x1024.jpg 1536w, https:\/\/www.njnylawyers.com\/wp-content\/uploads\/2023\/06\/Slip-and-Fall-7-2048x1365.jpg 2048w\" sizes=\"(max-width: 500px) 100vw, 500px\" \/><\/figure>\n<\/div>\n\n\n<p>Si usted es un visitante en casa de otra persona o en un negocio, deben tomar medidas razonables para mantener las instalaciones seguras para usted.<strong> Si se lesiona debido a una situaci\u00f3n peligrosa en una propiedad ajena, puede solicitar una indemnizaci\u00f3n.<\/strong> Un abogado de Hoboken resbalones y ca\u00eddas de <a href=\"https:\/\/www.njnylawyers.com\/es\/about\/\">Glugeth &amp; Pierguidi, P.C.<\/a> puede ayudarle a comprender sus opciones y a luchar por la indemnizaci\u00f3n que merece. <strong><a href=\"https:\/\/www.njnylawyers.com\/es\/contact\/\" rel=\"nofollow\">P\u00f3ngase en contacto con nosotros<\/a> \u00a1hoy!<\/strong><\/p>\n\n\n\n<h2 class=\"wp-block-heading\">\u00bfQu\u00e9 es un resbal\u00f3n y una ca\u00edda?<\/h2>\n\n\n\n<p>Se produce un accidente por resbal\u00f3n y ca\u00edda <strong>cuando una persona resbala, tropieza o cae en una propiedad ajena debido a una condici\u00f3n peligrosa en la propiedad<\/strong>. La situaci\u00f3n de peligro podr\u00eda ser <strong>cualquier cosa insegura en su propiedad, como:&nbsp;<\/strong><\/p>\n\n\n\n<ul class=\"wp-block-list\">\n<li>Un suelo mojado,<\/li>\n\n\n\n<li>Una superficie irregular,<\/li>\n\n\n\n<li>Construcci\u00f3n mal etiquetada,&nbsp;<\/li>\n\n\n\n<li>Comida o l\u00edquidos derramados,&nbsp;<\/li>\n\n\n\n<li>Iluminaci\u00f3n inadecuada,&nbsp;<\/li>\n\n\n\n<li>Nieve y hielo, o<\/li>\n\n\n\n<li>Un pasamanos roto.<\/li>\n<\/ul>\n\n\n\n<p>&nbsp;Los resbalones y las ca\u00eddas pueden ocurrir en un negocio o en la propiedad privada de otra persona. <strong>Un abogado especializado en resbalones y ca\u00eddas de Hoboken puede evaluar su situaci\u00f3n y determinar si puede interponer una posible demanda.&nbsp;<\/strong><\/p>\n\n\n\n<h2 class=\"wp-block-heading\">\u00bfEs diferente un resbal\u00f3n y ca\u00edda de una lesi\u00f3n personal?<\/h2>\n\n\n\n<p>Un caso de resbal\u00f3n y ca\u00edda es<strong> un tipo de <\/strong><a href=\"https:\/\/www.njnylawyers.com\/es\/personal-injury\/\"><strong>da\u00f1os personales<\/strong><\/a><strong> basada en la responsabilidad de las instalaciones. Usted puede esperar razonablemente estar seguro cuando se encuentra en una propiedad ajena.<\/strong> Al igual que en otros casos de lesiones personales, la responsabilidad por un resbal\u00f3n y ca\u00edda se determina en funci\u00f3n de si la persona responsable de las instalaciones fue negligente. <strong>La negligencia requiere la prueba de cuatro elementos: deber, incumplimiento, causalidad y da\u00f1os.<\/strong><\/p>\n\n\n\n<h3 class=\"wp-block-heading\">Deber<\/h3>\n\n\n\n<p>Cuando visite la propiedad de otra persona en Nueva Jersey o Nueva York,<strong> el propietario normalmente le debe un deber de cuidado<\/strong>.<strong> Por lo general, este deber exige que mantengan su propiedad en condiciones razonablemente seguras. <\/strong>Sin embargo, los propietarios tienen obligaciones diferentes con los distintos tipos de visitantes. El deber tambi\u00e9n var\u00eda dependiendo de si su lesi\u00f3n ocurri\u00f3 en Nueva York o Nueva Jersey. En la mayor\u00eda de los casos, los propietarios tienen el mayor deber de cuidado con los visitantes del negocio.&nbsp;&nbsp;<\/p>\n\n\n\n<h3 class=\"wp-block-heading\">Infracci\u00f3n<\/h3>\n\n\n\n<p>Establecer negligencia, <strong>debe demostrar que la persona con una obligaci\u00f3n la incumpli\u00f3 por acci\u00f3n u omisi\u00f3n<\/strong>. <strong>Una infracci\u00f3n se eval\u00faa en funci\u00f3n de c\u00f3mo se esperar\u00eda que actuara en la situaci\u00f3n una persona razonable que tuviera el deber.<\/strong> Por ejemplo, si alguien tiene un agujero sin se\u00f1alizar en el patio trasero, puede incumplir su deber al no advertir a los visitantes sobre el lugar antes de salir. O el propietario de una tienda puede incumplir su deber al no limpiar un vertido en un plazo razonable.&nbsp;<\/p>\n\n\n\n<h3 class=\"wp-block-heading\">Causalidad<\/h3>\n\n\n\n<p>Adem\u00e1s,<strong> las pruebas deben demostrar que el incumplimiento del deber fue la causa inmediata de tus lesiones<\/strong>. Por ejemplo, si hubiera un derrame en el suelo, tendr\u00eda que demostrar que el derrame provoc\u00f3 su ca\u00edda.<\/p>\n\n\n\n<h3 class=\"wp-block-heading\">Da\u00f1os y perjuicios<\/h3>\n\n\n\n<p>Por fin,<strong> debe haber sufrido da\u00f1os a causa del resbal\u00f3n y la ca\u00edda<\/strong>.<strong> Si se resbala en un vertido pero no se lesiona, no podr\u00e1 presentar una demanda por lesiones personales.<\/strong> <a href=\"https:\/\/www.njnylawyers.com\/es\/contact\/\" rel=\"nofollow\">P\u00f3ngase en contacto con<\/a> un abogado con experiencia en resbalones y ca\u00eddas de Nueva Jersey para ayudarle a probar el alcance de sus da\u00f1os. Como se discute a continuaci\u00f3n, <strong>los da\u00f1os pueden ser tanto econ\u00f3micos como no econ\u00f3micos<\/strong>.<\/p>\n\n\n\n<h2 class=\"wp-block-heading\">\u00bfY si soy parcialmente responsable?<\/h2>\n\n\n\n<p><strong>Tal vez se pregunte si puede cobrar si tuvo parte de culpa.<\/strong> Por ejemplo, puede que estuvieras hablando por el m\u00f3vil y distra\u00eddo cuando te ca\u00edste. La situaci\u00f3n segu\u00eda siendo insegura, pero la ca\u00edda podr\u00eda haberse evitado si hubieras prestado atenci\u00f3n a lo que te rodeaba.<\/p>\n\n\n\n<p>A\u00fan puede recuperarse en <a href=\"https:\/\/casetext.com\/statute\/new-jersey-statutes\/title-2a-administration-of-civil-and-criminal-justice\/chapter-2a15-actions-in-person-or-by-attorney\/section-2a15-51-contributory-negligence-elimination-as-bar-to-recovery-comparative-negligence-to-determine-damages?searchWithin=true&amp;listingIndexId=new-jersey-statutes.title-2a-administration-of-civil-and-criminal-justice&amp;q=contributory%20negligence&amp;type=statute&amp;sort=relevance&amp;p=1\" target=\"_blank\" rel=\"noreferrer noopener\">Nueva Jersey<\/a> o <a href=\"https:\/\/www.nysenate.gov\/legislation\/laws\/CVP\/1411\" target=\"_blank\" rel=\"noreferrer noopener\">Nueva York<\/a> si este es el caso.<strong> En Nueva Jersey, no puede haber m\u00e1s de 50% de negligencia para obtener una indemnizaci\u00f3n. En Nueva York, puede obtener una indemnizaci\u00f3n aunque haya cometido una negligencia de 99%. <\/strong>Sin embargo, el tribunal reducir\u00e1 su indemnizaci\u00f3n proporcionalmente en funci\u00f3n de su parte de negligencia.&nbsp;<\/p>\n\n\n\n<h2 class=\"wp-block-heading\">\u00bfQu\u00e9 tipos de da\u00f1os est\u00e1n cubiertos?<\/h2>\n\n\n\n<p><strong>Puede obtener tanto da\u00f1os econ\u00f3micos como no econ\u00f3micos por su resbal\u00f3n y ca\u00edda. Los da\u00f1os econ\u00f3micos son los gastos de bolsillo<\/strong>como facturas m\u00e9dicas y salarios perdidos. Por ejemplo, es probable que tenga gastos m\u00e9dicos derivados de repetidas visitas al m\u00e9dico, intervenciones quir\u00fargicas o fisioterapia. Tambi\u00e9n es posible que haya perdido tiempo de trabajo o, lo que es peor, que no pueda trabajar por completo en el futuro. Puede recibir una indemnizaci\u00f3n por los salarios perdidos, tanto pasados como futuros.<\/p>\n\n\n\n<p><strong>Tambi\u00e9n puede recuperar da\u00f1os no econ\u00f3micos por el accidente de resbal\u00f3n y ca\u00edda. Se trata de da\u00f1os inmateriales<\/strong>Tambi\u00e9n podr\u00e1 reclamar indemnizaciones por cualquier desfiguraci\u00f3n o cicatriz que afecte a su calidad de vida en el futuro. Tambi\u00e9n podr\u00e1 obtener indemnizaci\u00f3n por cualquier desfiguraci\u00f3n o cicatriz que afecte a su calidad de vida en el futuro.<\/p>\n\n\n\n<h2 class=\"wp-block-heading\">\u00bfExiste un plazo para presentar mis demandas?<\/h2>\n\n\n\n<p>Existe un plazo para presentar sus reclamaciones. <strong>Generalmente, es <\/strong><a href=\"https:\/\/casetext.com\/statute\/new-jersey-statutes\/title-2a-administration-of-civil-and-criminal-justice\/chapter-2a14-6-years\/section-2a14-2-actions-for-injury-caused-by-wrongful-act-appointment-of-guardian-ad-litem\" target=\"_blank\" rel=\"noreferrer noopener\"><strong>dos a\u00f1os en Nueva Jersey<\/strong><\/a><strong> y<\/strong><a href=\"https:\/\/www.nysenate.gov\/legislation\/laws\/CVP\/214\" target=\"_blank\" rel=\"noreferrer noopener\"><strong> tres a\u00f1os en Nueva York<\/strong><\/a><strong>. Suelen comenzar en la fecha del accidente.<\/strong> Si no presenta sus demandas dentro de este plazo, el tribunal puede prohibirlas por completo. Si prescriben, no podr\u00e1 cobrar indemnizaci\u00f3n alguna por el perjuicio.<strong> Si ha sufrido lesiones, debe <\/strong><a href=\"https:\/\/www.njnylawyers.com\/es\/contact\/\" rel=\"nofollow\"><strong>p\u00f3ngase en contacto con<\/strong><\/a><strong> un abogado lo antes posible para asegurarse de que no le excluyan de la sala del tribunal.&nbsp;<\/strong><\/p>\n\n\n\n<h2 class=\"wp-block-heading\">\u00bfQu\u00e9 son los honorarios condicionales?<\/h2>\n\n\n\n<p><strong>Un acuerdo de honorarios condicionales compensa a los abogados por su trabajo en casos de resbalones y ca\u00eddas. <\/strong>No hay que pagar nada por adelantado, y<strong> no debe dinero si el abogado no gana su caso o no llega a un acuerdo.<\/strong>. En lugar de ello, los honorarios del abogado se deducen de una parte del acuerdo o veredicto, lo que garantiza que su abogado s\u00f3lo cobrar\u00e1 si usted lo consigue y cuando lo consiga.<\/p>\n\n\n\n<h2 class=\"wp-block-heading\">P\u00f3ngase en contacto con un abogado de Hoboken hoy<\/h2>\n\n\n\n<p>Las lesiones por resbal\u00f3n y ca\u00edda pueden dar lugar a da\u00f1os importantes. <strong>Un abogado experto en resbalones y ca\u00eddas en Hoboken, Nueva Jersey, puede ayudarle a evaluar si tiene una reclamaci\u00f3n legal.<\/strong> Los abogados de <a href=\"https:\/\/www.njnylawyers.com\/es\/\">Glugeth &amp; Pierguidi, P.C.<\/a>tienen experiencia en casos de resbalones y ca\u00eddas. <strong>Ayudamos a un residente de Nueva Jersey a recuperar casi $1 mill\u00f3n en da\u00f1os y perjuicios por un resbal\u00f3n y ca\u00edda que le caus\u00f3 da\u00f1os permanentes en el tobillo.<\/strong>. Somos expertos en todo tipo de demandas por lesiones personales y hemos recuperado muchos millones de d\u00f3lares. <a href=\"https:\/\/www.njnylawyers.com\/es\/case-results\/\">acuerdos y veredictos personales<\/a>. <strong>Por favor, <a href=\"https:\/\/www.njnylawyers.com\/es\/contact\/\">Contacto<\/a> hoy para evaluar su caso de resbal\u00f3n y ca\u00edda.<\/strong><\/p>","protected":false},"excerpt":{"rendered":"<p>If you are a visitor to another person\u2019s home or a business, they must take reasonable steps to keep the premises safe for you. If you injure yourself due to a dangerous condition on someone else\u2019s property, you may be able to seek compensation. A Hoboken slip-and-fall attorney from Glugeth &amp; Pierguidi, P.C. can help you understand your options and fight for the compensation you deserve. Contact us today! What Is a Slip and Fall? A slip-and-fall accident occurs when a person slips, trips, or falls on someone else\u2019s property due to a hazardous condition on the property. The dangerous situation could be anything unsafe on their property, such as:&nbsp; &nbsp;A slip and fall can occur at a business or on another person\u2019s private property. A Hoboken slip-and-fall lawyer can assess your situation and determine whether you may be able to bring a potential lawsuit.&nbsp; Is a Slip and Fall Different from Personal Injury? A slip-and-fall case is a type of personal injury based on premises liability. You can reasonably expect to be safe when on another\u2019s property. As with other personal injury cases, liability for a slip and fall is determined based on whether the person responsible for the premises was negligent. Negligence requires proof of four elements: duty, breach, causation, and damages. Duty When you visit someone else\u2019s property in New Jersey or New York, the owner typically owes you a duty of care. This duty generally requires that they keep their property in a reasonably safe condition. However, owners owe different duties to different types of visitors. The duty also varies depending on whether your injury happened in New York or New Jersey. In most cases, owners owe the highest duty of care to business visitors.&nbsp;&nbsp; Breach To establish negligence, you must show that the person with a duty breached it through their action or inaction. A breach is evaluated based on how a reasonable person with the duty would be expected to act in the situation. For example, if someone has an unmarked hole in the backyard, they may breach their duty by not warning visitors about the spot before going outside. Or a store owner may breach their duty by not cleaning up a spill in a reasonable amount of time.&nbsp; Causation Additionally, the evidence must show that the breach of duty was the immediate cause of your injuries. For example, if there was a spill on the floor, you would have to show that the spill caused you to fall. Damages Finally, you must have suffered damages because of the slip and fall. If you slipped on a spill but were not injured, you would not be able to bring a personal injury claim. Contact an experienced New Jersey slip-and-fall attorney to help you prove the extent of your damages. As discussed below, damages can involve both economic and noneconomic losses. What If I Am Partially Responsible? You may wonder if you can recover if you were partly at fault. For example, you may have been talking on your cell phone and distracted when you fell. There was still an unsafe condition, but the fall might have been avoided if you were paying attention to your surroundings. You can still recover in New Jersey or New York if this is the case. In New Jersey, you cannot be more than 50% negligent to recover damages. In New York, you can recover damages even if you are 99% negligent. However, the court will reduce your recovery proportionately based on your portion of the negligence.&nbsp; What Types of Damages Are Covered? You can get both economic and noneconomic damages for your slip and fall. Economic damages are out-of-pocket expenses, such as medical bills and lost wages. For example, you will likely have medical expenses from repeated doctor\u2019s visits, surgeries, or physical therapy. You also may have lost time from work or, worse, be unable to work entirely in the future. You can receive compensation for lost wages, both past and future. You can also recover noneconomic damages for the slip-and-fall accident. These consist of intangible damages, such as pain and suffering and loss of enjoyment in life. You also would be able to recover for any disfigurement or scarring that affects the quality of your life moving forward. Is There a Time Limit on Bringing My Claims? There is a time limit to bring your claims. Generally, it is two years in New Jersey and three years in New York. These typically run from the date of the accident. If you do not bring your clams within this time, the court may bar them entirely. If time-barred, you cannot collect any compensation for the injury. If you were injured, you should contact an attorney as soon as possible to ensure you do not get shut out of the courtroom.&nbsp; What Is a Contingency Fee Arrangement? A contingency fee arrangement compensates lawyers for their work on slip-and-fall cases. No money is due up front, and you owe no money if the lawyer does not win your case or secure a settlement. Instead, the attorney fees are taken from a portion of the settlement or verdict, ensuring your attorney gets paid only if and when you do. Reach Out to a Hoboken Attorney Today Injuries in a slip and fall can result in significant damages. A skilled lawyer for slip and fall in Hoboken, New Jersey, can help you to evaluate whether you have a legal claim. The attorneys at Glugeth &amp; Pierguidi, P.C., are experienced in slip-and-fall cases. We helped one New Jersey resident recover almost $1 million in damages from a slip and fall that caused permanent ankle damage. We are skilled in all types of personal injury lawsuits and have recovered many multi-million dollar personal settlements and verdicts. Please contact us today to evaluate your slip-and-fall case.<\/p>","protected":false},"author":2,"featured_media":0,"parent":0,"menu_order":0,"comment_status":"closed","ping_status":"closed","template":"","meta":{"_acf_changed":false,"_ai_research_index":"1","footnotes":""},"class_list":["post-775","page","type-page","status-publish","hentry"],"acf":[],"yoast_head":"<!-- This site is optimized with the Yoast SEO plugin v27.4 - https:\/\/yoast.com\/product\/yoast-seo-wordpress\/ -->\n<title>New Jersey Slip-and-Fall Lawyers | Glugeth &amp; Pierguidi, P.C.<\/title>\n<meta name=\"description\" content=\"The attorneys at Glugeth &amp; Pierguidi, P.C., are experienced in Hoboken slip-and-fall cases. Please contact us today to evaluate your case!\" \/>\n<meta name=\"robots\" content=\"index, follow, max-snippet:-1, max-image-preview:large, max-video-preview:-1\" \/>\n<link rel=\"canonical\" href=\"https:\/\/www.njnylawyers.com\/es\/new-jersey-slip-and-fall-lawyers\/\" \/>\n<meta property=\"og:locale\" content=\"es_MX\" \/>\n<meta property=\"og:type\" content=\"article\" \/>\n<meta property=\"og:title\" content=\"New Jersey Slip-and-Fall Lawyers | Glugeth &amp; Pierguidi, P.C.\" \/>\n<meta property=\"og:description\" content=\"The attorneys at Glugeth &amp; Pierguidi, P.C., are experienced in Hoboken slip-and-fall cases. Please contact us today to evaluate your case!\" \/>\n<meta property=\"og:url\" content=\"https:\/\/www.njnylawyers.com\/es\/new-jersey-slip-and-fall-lawyers\/\" \/>\n<meta property=\"og:site_name\" content=\"Glugeth &amp; Pierguidi, P.C.\" \/>\n<meta property=\"article:modified_time\" content=\"2023-06-28T19:26:50+00:00\" \/>\n<meta property=\"og:image\" content=\"https:\/\/www.njnylawyers.com\/wp-content\/uploads\/2023\/06\/Slip-and-Fall-7-500x333.jpg\" \/>\n<meta name=\"twitter:card\" content=\"summary_large_image\" \/>\n<meta name=\"twitter:label1\" content=\"Est. reading time\" \/>\n\t<meta name=\"twitter:data1\" content=\"5 minutos\" \/>\n<script type=\"application\/ld+json\" class=\"yoast-schema-graph\">{\"@context\":\"https:\\\/\\\/schema.org\",\"@graph\":[{\"@type\":\"WebPage\",\"@id\":\"https:\\\/\\\/www.njnylawyers.com\\\/new-jersey-slip-and-fall-lawyers\\\/\",\"url\":\"https:\\\/\\\/www.njnylawyers.com\\\/new-jersey-slip-and-fall-lawyers\\\/\",\"name\":\"New Jersey Slip-and-Fall Lawyers | Glugeth & Pierguidi, P.C.\",\"isPartOf\":{\"@id\":\"https:\\\/\\\/www.njnylawyers.com\\\/#website\"},\"primaryImageOfPage\":{\"@id\":\"https:\\\/\\\/www.njnylawyers.com\\\/new-jersey-slip-and-fall-lawyers\\\/#primaryimage\"},\"image\":{\"@id\":\"https:\\\/\\\/www.njnylawyers.com\\\/new-jersey-slip-and-fall-lawyers\\\/#primaryimage\"},\"thumbnailUrl\":\"https:\\\/\\\/www.njnylawyers.com\\\/wp-content\\\/uploads\\\/2023\\\/06\\\/Slip-and-Fall-7-500x333.jpg\",\"datePublished\":\"2023-05-27T01:16:00+00:00\",\"dateModified\":\"2023-06-28T19:26:50+00:00\",\"description\":\"The attorneys at Glugeth & Pierguidi, P.C., are experienced in Hoboken slip-and-fall cases. Please contact us today to evaluate your case!\",\"breadcrumb\":{\"@id\":\"https:\\\/\\\/www.njnylawyers.com\\\/new-jersey-slip-and-fall-lawyers\\\/#breadcrumb\"},\"inLanguage\":\"es\",\"potentialAction\":[{\"@type\":\"ReadAction\",\"target\":[\"https:\\\/\\\/www.njnylawyers.com\\\/new-jersey-slip-and-fall-lawyers\\\/\"]}]},{\"@type\":\"ImageObject\",\"inLanguage\":\"es\",\"@id\":\"https:\\\/\\\/www.njnylawyers.com\\\/new-jersey-slip-and-fall-lawyers\\\/#primaryimage\",\"url\":\"https:\\\/\\\/www.njnylawyers.com\\\/wp-content\\\/uploads\\\/2023\\\/06\\\/Slip-and-Fall-7-500x333.jpg\",\"contentUrl\":\"https:\\\/\\\/www.njnylawyers.com\\\/wp-content\\\/uploads\\\/2023\\\/06\\\/Slip-and-Fall-7-500x333.jpg\"},{\"@type\":\"BreadcrumbList\",\"@id\":\"https:\\\/\\\/www.njnylawyers.com\\\/new-jersey-slip-and-fall-lawyers\\\/#breadcrumb\",\"itemListElement\":[{\"@type\":\"ListItem\",\"position\":1,\"name\":\"Home\",\"item\":\"https:\\\/\\\/www.njnylawyers.com\\\/\"},{\"@type\":\"ListItem\",\"position\":2,\"name\":\"New Jersey Slip-and-Fall Lawyers\"}]},{\"@type\":\"WebSite\",\"@id\":\"https:\\\/\\\/www.njnylawyers.com\\\/#website\",\"url\":\"https:\\\/\\\/www.njnylawyers.com\\\/\",\"name\":\"Glugeth & Pierguidi, P.C.\",\"description\":\"\",\"publisher\":{\"@id\":\"https:\\\/\\\/www.njnylawyers.com\\\/#organization\"},\"potentialAction\":[{\"@type\":\"SearchAction\",\"target\":{\"@type\":\"EntryPoint\",\"urlTemplate\":\"https:\\\/\\\/www.njnylawyers.com\\\/?s={search_term_string}\"},\"query-input\":{\"@type\":\"PropertyValueSpecification\",\"valueRequired\":true,\"valueName\":\"search_term_string\"}}],\"inLanguage\":\"es\"},{\"@type\":\"Organization\",\"@id\":\"https:\\\/\\\/www.njnylawyers.com\\\/#organization\",\"name\":\"Glugeth & Pierguidi, P.C.\",\"url\":\"https:\\\/\\\/www.njnylawyers.com\\\/\",\"logo\":{\"@type\":\"ImageObject\",\"inLanguage\":\"es\",\"@id\":\"https:\\\/\\\/www.njnylawyers.com\\\/#\\\/schema\\\/logo\\\/image\\\/\",\"url\":\"https:\\\/\\\/njnylawyers.wpengine.com\\\/wp-content\\\/uploads\\\/2022\\\/11\\\/img_header_logo.png\",\"contentUrl\":\"https:\\\/\\\/njnylawyers.wpengine.com\\\/wp-content\\\/uploads\\\/2022\\\/11\\\/img_header_logo.png\",\"width\":426,\"height\":107,\"caption\":\"Glugeth & Pierguidi, P.C.\"},\"image\":{\"@id\":\"https:\\\/\\\/www.njnylawyers.com\\\/#\\\/schema\\\/logo\\\/image\\\/\"}}]}<\/script>\n<!-- \/ Yoast SEO plugin. -->","yoast_head_json":{"title":"New Jersey Slip-and-Fall Lawyers | Glugeth & Pierguidi, P.C.","description":"The attorneys at Glugeth & Pierguidi, P.C., are experienced in Hoboken slip-and-fall cases. Please contact us today to evaluate your case!","robots":{"index":"index","follow":"follow","max-snippet":"max-snippet:-1","max-image-preview":"max-image-preview:large","max-video-preview":"max-video-preview:-1"},"canonical":"https:\/\/www.njnylawyers.com\/es\/new-jersey-slip-and-fall-lawyers\/","og_locale":"es_MX","og_type":"article","og_title":"New Jersey Slip-and-Fall Lawyers | Glugeth & Pierguidi, P.C.","og_description":"The attorneys at Glugeth & Pierguidi, P.C., are experienced in Hoboken slip-and-fall cases. Please contact us today to evaluate your case!","og_url":"https:\/\/www.njnylawyers.com\/es\/new-jersey-slip-and-fall-lawyers\/","og_site_name":"Glugeth &amp; Pierguidi, P.C.","article_modified_time":"2023-06-28T19:26:50+00:00","og_image":[{"url":"https:\/\/www.njnylawyers.com\/wp-content\/uploads\/2023\/06\/Slip-and-Fall-7-500x333.jpg","type":"","width":"","height":""}],"twitter_card":"summary_large_image","twitter_misc":{"Est. reading time":"5 minutos"},"schema":{"@context":"https:\/\/schema.org","@graph":[{"@type":"WebPage","@id":"https:\/\/www.njnylawyers.com\/new-jersey-slip-and-fall-lawyers\/","url":"https:\/\/www.njnylawyers.com\/new-jersey-slip-and-fall-lawyers\/","name":"New Jersey Slip-and-Fall Lawyers | Glugeth & Pierguidi, P.C.","isPartOf":{"@id":"https:\/\/www.njnylawyers.com\/#website"},"primaryImageOfPage":{"@id":"https:\/\/www.njnylawyers.com\/new-jersey-slip-and-fall-lawyers\/#primaryimage"},"image":{"@id":"https:\/\/www.njnylawyers.com\/new-jersey-slip-and-fall-lawyers\/#primaryimage"},"thumbnailUrl":"https:\/\/www.njnylawyers.com\/wp-content\/uploads\/2023\/06\/Slip-and-Fall-7-500x333.jpg","datePublished":"2023-05-27T01:16:00+00:00","dateModified":"2023-06-28T19:26:50+00:00","description":"The attorneys at Glugeth & Pierguidi, P.C., are experienced in Hoboken slip-and-fall cases. Please contact us today to evaluate your case!","breadcrumb":{"@id":"https:\/\/www.njnylawyers.com\/new-jersey-slip-and-fall-lawyers\/#breadcrumb"},"inLanguage":"es","potentialAction":[{"@type":"ReadAction","target":["https:\/\/www.njnylawyers.com\/new-jersey-slip-and-fall-lawyers\/"]}]},{"@type":"ImageObject","inLanguage":"es","@id":"https:\/\/www.njnylawyers.com\/new-jersey-slip-and-fall-lawyers\/#primaryimage","url":"https:\/\/www.njnylawyers.com\/wp-content\/uploads\/2023\/06\/Slip-and-Fall-7-500x333.jpg","contentUrl":"https:\/\/www.njnylawyers.com\/wp-content\/uploads\/2023\/06\/Slip-and-Fall-7-500x333.jpg"},{"@type":"BreadcrumbList","@id":"https:\/\/www.njnylawyers.com\/new-jersey-slip-and-fall-lawyers\/#breadcrumb","itemListElement":[{"@type":"ListItem","position":1,"name":"Home","item":"https:\/\/www.njnylawyers.com\/"},{"@type":"ListItem","position":2,"name":"New Jersey Slip-and-Fall Lawyers"}]},{"@type":"WebSite","@id":"https:\/\/www.njnylawyers.com\/#website","url":"https:\/\/www.njnylawyers.com\/","name":"Glugeth &amp; Pierguidi, P.C.","description":"","publisher":{"@id":"https:\/\/www.njnylawyers.com\/#organization"},"potentialAction":[{"@type":"SearchAction","target":{"@type":"EntryPoint","urlTemplate":"https:\/\/www.njnylawyers.com\/?s={search_term_string}"},"query-input":{"@type":"PropertyValueSpecification","valueRequired":true,"valueName":"search_term_string"}}],"inLanguage":"es"},{"@type":"Organization","@id":"https:\/\/www.njnylawyers.com\/#organization","name":"Glugeth &amp; Pierguidi, P.C.","url":"https:\/\/www.njnylawyers.com\/","logo":{"@type":"ImageObject","inLanguage":"es","@id":"https:\/\/www.njnylawyers.com\/#\/schema\/logo\/image\/","url":"https:\/\/njnylawyers.wpengine.com\/wp-content\/uploads\/2022\/11\/img_header_logo.png","contentUrl":"https:\/\/njnylawyers.wpengine.com\/wp-content\/uploads\/2022\/11\/img_header_logo.png","width":426,"height":107,"caption":"Glugeth & Pierguidi, P.C."},"image":{"@id":"https:\/\/www.njnylawyers.com\/#\/schema\/logo\/image\/"}}]}},"_links":{"self":[{"href":"https:\/\/www.njnylawyers.com\/es\/wp-json\/wp\/v2\/pages\/775","targetHints":{"allow":["GET"]}}],"collection":[{"href":"https:\/\/www.njnylawyers.com\/es\/wp-json\/wp\/v2\/pages"}],"about":[{"href":"https:\/\/www.njnylawyers.com\/es\/wp-json\/wp\/v2\/types\/page"}],"author":[{"embeddable":true,"href":"https:\/\/www.njnylawyers.com\/es\/wp-json\/wp\/v2\/users\/2"}],"replies":[{"embeddable":true,"href":"https:\/\/www.njnylawyers.com\/es\/wp-json\/wp\/v2\/comments?post=775"}],"version-history":[{"count":0,"href":"https:\/\/www.njnylawyers.com\/es\/wp-json\/wp\/v2\/pages\/775\/revisions"}],"wp:attachment":[{"href":"https:\/\/www.njnylawyers.com\/es\/wp-json\/wp\/v2\/media?parent=775"}],"curies":[{"name":"wp","href":"https:\/\/api.w.org\/{rel}","templated":true}]}}